{"id":467,"date":"2025-01-13T02:15:32","date_gmt":"2025-01-12T23:15:32","guid":{"rendered":"https:\/\/demo.klinik34.com.tr\/?page_id=467"},"modified":"2025-03-21T00:31:27","modified_gmt":"2025-03-20T21:31:27","slug":"dr-dt-esra-hacioglu-menekse","status":"publish","type":"page","link":"https:\/\/klinik34.com.tr\/en\/dr-dt-esra-hacioglu-menekse\/","title":{"rendered":"Dr. Dt. Esra Hac\u0131o\u011flu Menek\u015fe"},"content":{"rendered":"<div data-elementor-type=\"wp-page\" data-elementor-id=\"467\" class=\"elementor elementor-467\" data-elementor-post-type=\"page\">\n\t\t\t\t\t\t<section class=\"elementor-section elementor-top-section elementor-element elementor-element-a191665 elementor-section-height-min-height elementor-section-boxed elementor-section-height-default elementor-section-items-middle\" data-id=\"a191665\" data-element_type=\"section\" data-e-type=\"section\" data-settings=\"{&quot;background_background&quot;:&quot;classic&quot;}\">\n\t\t\t\t\t\t\t<div class=\"elementor-background-overlay\"><\/div>\n\t\t\t\t\t\t\t<div class=\"elementor-container elementor-column-gap-default\">\n\t\t\t\t\t<div class=\"elementor-column elementor-col-100 elementor-top-column elementor-element elementor-element-e7df812\" data-id=\"e7df812\" data-element_type=\"column\" data-e-type=\"column\">\n\t\t\t<div class=\"elementor-widget-wrap elementor-element-populated\">\n\t\t\t\t\t\t\t<\/div>\n\t\t<\/div>\n\t\t\t\t\t<\/div>\n\t\t<\/section>\n\t\t<div class=\"elementor-element elementor-element-11f10d0 e-flex e-con-boxed e-con e-parent\" data-id=\"11f10d0\" data-element_type=\"container\" data-e-type=\"container\">\n\t\t\t\t\t<div class=\"e-con-inner\">\n\t\t<div class=\"elementor-element elementor-element-09f8e4c e-con-full e-flex e-con e-child\" data-id=\"09f8e4c\" data-element_type=\"container\" data-e-type=\"container\">\n\t\t\t\t<div class=\"elementor-element elementor-element-5f695aa elementor-widget elementor-widget-image\" data-id=\"5f695aa\" data-element_type=\"widget\" data-e-type=\"widget\" data-widget_type=\"image.default\">\n\t\t\t\t\t\t\t\t\t\t\t\t\t\t\t<img fetchpriority=\"high\" decoding=\"async\" width=\"800\" height=\"534\" src=\"https:\/\/klinik34.com.tr\/wp-content\/uploads\/2025\/03\/DrDtEsraHaciogluMenekse-1024x683.jpg\" class=\"attachment-large size-large wp-image-1266\" alt=\"\" srcset=\"https:\/\/klinik34.com.tr\/wp-content\/uploads\/2025\/03\/DrDtEsraHaciogluMenekse-1024x683.jpg 1024w, https:\/\/klinik34.com.tr\/wp-content\/uploads\/2025\/03\/DrDtEsraHaciogluMenekse-300x200.jpg 300w, https:\/\/klinik34.com.tr\/wp-content\/uploads\/2025\/03\/DrDtEsraHaciogluMenekse-768x512.jpg 768w, https:\/\/klinik34.com.tr\/wp-content\/uploads\/2025\/03\/DrDtEsraHaciogluMenekse.jpg 1200w\" sizes=\"(max-width: 800px) 100vw, 800px\" \/>\t\t\t\t\t\t\t\t\t\t\t\t\t\t\t<\/div>\n\t\t\t\t<div class=\"elementor-element elementor-element-4a16d26 elementor-widget elementor-widget-elementskit-social-media\" data-id=\"4a16d26\" data-element_type=\"widget\" data-e-type=\"widget\" data-widget_type=\"elementskit-social-media.default\">\n\t\t\t\t<div class=\"elementor-widget-container\">\n\t\t\t\t\t<div class=\"ekit-wid-con\" >\t\t\t <ul class=\"ekit_social_media\">\n\t\t\t\t\t\t\t\t\t\t\t\t\t\t<li class=\"elementor-repeater-item-7d69999\">\n\t\t\t\t\t    <a\n\t\t\t\t\t\thref=\"https:\/\/www.facebook.com\/klinik34\/\" aria-label=\"Facebook\" class=\"facebook\" >\n\t\t\t\t\t\t\t\n\t\t\t\t\t\t\t<i aria-hidden=\"true\" class=\"icon icon-facebook\"><\/i>\n                                                                                                            <\/a>\n                    <\/li>\n                    \t\t\t\t\t\t\t\t\t\t\t\t\t\t<li class=\"elementor-repeater-item-e6e4b1a\">\n\t\t\t\t\t    <a\n\t\t\t\t\t\thref=\"https:\/\/www.youtube.com\/c\/Klinik34Org\" aria-label=\"Youtube\" class=\"youtube\" >\n\t\t\t\t\t\t\t\n\t\t\t\t\t\t\t<svg aria-hidden=\"true\" class=\"e-font-icon-svg e-fab-youtube\" viewbox=\"0 0 576 512\" xmlns=\"http:\/\/www.w3.org\/2000\/svg\"><path d=\"M549.655 124.083c-6.281-23.65-24.787-42.276-48.284-48.597C458.781 64 288 64 288 64S117.22 64 74.629 75.486c-23.497 6.322-42.003 24.947-48.284 48.597-11.412 42.867-11.412 132.305-11.412 132.305s0 89.438 11.412 132.305c6.281 23.65 24.787 41.5 48.284 47.821C117.22 448 288 448 288 448s170.78 0 213.371-11.486c23.497-6.321 42.003-24.171 48.284-47.821 11.412-42.867 11.412-132.305 11.412-132.305s0-89.438-11.412-132.305zm-317.51 213.508V175.185l142.739 81.205-142.739 81.201z\"><\/path><\/svg>\n                                                                                                            <\/a>\n                    <\/li>\n                    \t\t\t\t\t\t\t\t\t\t\t\t\t\t<li class=\"elementor-repeater-item-e21c90f\">\n\t\t\t\t\t    <a\n\t\t\t\t\t\thref=\"https:\/\/www.instagram.com\/klinik34istanbul\/\" aria-label=\"Instagram\" class=\"instagram\" >\n\t\t\t\t\t\t\t\n\t\t\t\t\t\t\t<svg aria-hidden=\"true\" class=\"e-font-icon-svg e-fab-instagram\" viewbox=\"0 0 448 512\" xmlns=\"http:\/\/www.w3.org\/2000\/svg\"><path d=\"M224.1 141c-63.6 0-114.9 51.3-114.9 114.9s51.3 114.9 114.9 114.9S339 319.5 339 255.9 287.7 141 224.1 141zm0 189.6c-41.1 0-74.7-33.5-74.7-74.7s33.5-74.7 74.7-74.7 74.7 33.5 74.7 74.7-33.6 74.7-74.7 74.7zm146.4-194.3c0 14.9-12 26.8-26.8 26.8-14.9 0-26.8-12-26.8-26.8s12-26.8 26.8-26.8 26.8 12 26.8 26.8zm76.1 27.2c-1.7-35.9-9.9-67.7-36.2-93.9-26.2-26.2-58-34.4-93.9-36.2-37-2.1-147.9-2.1-184.9 0-35.8 1.7-67.6 9.9-93.9 36.1s-34.4 58-36.2 93.9c-2.1 37-2.1 147.9 0 184.9 1.7 35.9 9.9 67.7 36.2 93.9s58 34.4 93.9 36.2c37 2.1 147.9 2.1 184.9 0 35.9-1.7 67.7-9.9 93.9-36.2 26.2-26.2 34.4-58 36.2-93.9 2.1-37 2.1-147.8 0-184.8zM398.8 388c-7.8 19.6-22.9 34.7-42.6 42.6-29.5 11.7-99.5 9-132.1 9s-102.7 2.6-132.1-9c-19.6-7.8-34.7-22.9-42.6-42.6-11.7-29.5-9-99.5-9-132.1s-2.6-102.7 9-132.1c7.8-19.6 22.9-34.7 42.6-42.6 29.5-11.7 99.5-9 132.1-9s102.7-2.6 132.1 9c19.6 7.8 34.7 22.9 42.6 42.6 11.7 29.5 9 99.5 9 132.1s2.7 102.7-9 132.1z\"><\/path><\/svg>\n                                                                                                            <\/a>\n                    <\/li>\n                    \t\t\t\t\t\t\t<\/ul>\n\t\t<\/div>\t\t\t\t<\/div>\n\t\t\t\t<\/div>\n\t\t\t\t<div class=\"elementor-element elementor-element-295ad11 elementor-align-center elementor-widget elementor-widget-button\" data-id=\"295ad11\" data-element_type=\"widget\" data-e-type=\"widget\" data-widget_type=\"button.default\">\n\t\t\t\t\t\t\t\t\t\t<a class=\"elementor-button elementor-button-link elementor-size-sm\" href=\"https:\/\/klinik34.com.tr\/en\/contact-2\/\">\n\t\t\t\t\t\t<span class=\"elementor-button-content-wrapper\">\n\t\t\t\t\t\t\t\t\t<span class=\"elementor-button-text\">Make an Appointment<\/span>\n\t\t\t\t\t<\/span>\n\t\t\t\t\t<\/a>\n\t\t\t\t\t\t\t\t<\/div>\n\t\t\t\t<\/div>\n\t\t<div class=\"elementor-element elementor-element-3f4ca44 e-con-full e-flex e-con e-child\" data-id=\"3f4ca44\" data-element_type=\"container\" data-e-type=\"container\">\n\t\t\t\t<div class=\"elementor-element elementor-element-6baef53 elementor-widget elementor-widget-text-editor\" data-id=\"6baef53\" data-element_type=\"widget\" data-e-type=\"widget\" data-widget_type=\"text-editor.default\">\n\t\t\t\t\t\t\t\t\t<div id=\"content\" class=\"site-content\"><div class=\"content-inner\"><div class=\"container content-container\"><div class=\"row content-row\"><div id=\"primary\" class=\"content-area col-12\"><main id=\"main\" class=\"site-main\"><article id=\"post-1650\" class=\"post-1650 doctor type-doctor status-publish has-post-thumbnail hentry\"><div class=\"single-doctor-inner\"><div class=\"row\"><div class=\"single-doctor-body col-md-6 col-lg-6 col-xl-6\"><h2 class=\"single-doctor-title\">Dr. Dt. Esra Hac\u0131o\u011flu Menek\u015fe<\/h2><div class=\"single-doctor-position\">MEDICAL DIRECTOR - ORAL AND MAXILLOFACIAL SURGERY<\/div><div class=\"single-doctor-content\"><div class=\"single-doctor-content\"><p><strong>Dr. Dt. Who is Esra Hac\u0131o\u011flu Menek\u015fe?<\/strong><\/p><p>Born in 1991 in Istanbul.<br \/>In 2009, after graduating from Ey\u00fcp Anatolian High School, he continued his education at Istanbul University Faculty of Dentistry, one of the most established universities in Turkey.<br \/>In 2012, she studied dentistry at the European University of Madrid for 1 year and graduated in 2014.<br \/>In 2015, she continued her doctorate education at Istanbul University Faculty of Dentistry, Department of Oral and Maxillofacial Diseases and Surgery.<br \/>He successfully presented his doctoral thesis in which he investigated the efficacy of arthrocentesis agents in TMJ diseases and received the title of Dr. Med. Dent. title.<br \/>Since 2014, she has been actively working in private clinics and continues to serve her patients within Klinik 34.<\/p><p><strong>Academic Studies<\/strong><br \/>A\u00e7\u0131kg\u00f6z MM, Yurtseven A, Hac\u0131o\u011flu E, G\u00fcnbatan M, Ak G. Computer Assisted Systems in Oral and Maxillofacial Surgery. Dental Tribune Turkey, January 2017; 14(1): 8- 10.<br \/>\u00d6ztan A, G\u00fcnbatan M, Yurtseven A, Hac\u0131o\u011flu E, Ak G. Dental Implant Surgeries in Patient with Hemophilia A Case Report. The World Academy of Innovative Implant Congress, 21-24.04.2016.<br \/>Yurtseven A, Akb\u0131y\u0131k ZA, \u00d6ztan A, Hac\u0131o\u011flu E, G\u00fcnbatan M, Ak G. Evaluation of the Survival and Success Rates of Dental Implnats. A Five Year Retrospective Study. Traditional IVth IBS Congress, 20-23.04.2017.<br \/>Hac\u0131o\u011flu E, Yurtseven A, Ak G. Peripheral Giant Cell Granuloma and Treatmnet: 2 case report. TAOMS, 23-27.05.2017.<br \/>Ak G. Hac\u0131o\u011flu E, Yurtseven A. Prevalence of Oral Mucosal Lesions in Geriatric Population. The 65th Annual Meeting of JADR, 18-19.11.2017.<br \/>Ak G, Yurtseven A, Akb\u0131y\u0131k Az ZA, Hac\u0131o\u011flu E, A\u00e7\u0131kg\u00f6z M. Reconstruction of Peri-implanter Soft Tissue Defect with Free Gingival Graft. TO\u0130D, 12-13.01.2018.<br \/>Ak G, Kavvas E, Akb\u0131y\u0131k Az ZA, Yurtseven A, Hac\u0131o\u011flu E, G\u00fcnbatan M, Ko\u00e7 B, Z\u00fclfikar B. Evaluation of oral health related quality of life of patients with haemophilia. 15th International Turkey Hemophilia Congress, 14-17.04.2018.<br \/>Ak G, Yurtseven A, Hac\u0131o\u011flu E, Akb\u0131y\u0131k Az ZA, Moustafa T, \u00d6ztan A, Ko\u00e7 B, Z\u00fclfikar B. Dental Implant Surgeries in Patients with Hemophilia: 4 Case Reports. 15th International Hemophilia Congress of Turkey, 14-17.04.2018.<br \/>Yurtseven A, Hac\u0131o\u011flu E, Akb\u0131y\u0131k Az ZA, Moustafa T, A\u00e7\u0131kg\u00f6z MM, Ak G. Focal epithelial hyperplasia associated with different types of HPV. IAOMS-A\u00c7B\u0130D Joint Congress, 9-13.05.2018.<br \/>A\u00e7\u0131kg\u00f6z MM, Akb\u0131y\u0131k Az ZA, Hac\u0131o\u011flu E, Yurtseven A, Ak G. Bisphosphonate- Related Osteonecrosis of the Jaws: 8 Cases and Evaluation of Current Treatment Approaches. IAOMS-A\u00c7B\u0130D Joint Congress, 9-13.05.2018.<br \/>Hac\u0131o\u011flu E, Akb\u0131y\u0131k Az ZA, \u00d6ztan A, Yurtseven A, Ak G. Treatment and follow- up of fluoride cementoosseous dysplasia: 3 case reports. IAOMS-A\u00c7B\u0130D Joint Congress, 9-13.05.2018.<br \/>Akb\u0131y\u0131k Az ZA, Hac\u0131o\u011flu E, Yurtseven A, Ak G. Lipomas of the Oral Cavity: 4 Case Reports. IAOMS-A\u00c7B\u0130D Joint Congress, 9-13.05.2018.<br \/>Ak G, A\u00e7\u0131kg\u00f6z MM, Yurtseven A, Hac\u0131o\u011flu E. Current Oral Surgical Approaches to Hemophiliac Patients Case Series. 14th Biennial Congress of the EAOM, 27- 29.09.2018.<br \/>Ak G, Akb\u0131y\u0131k ZA, Hac\u0131o\u011flu E, Yurtseven A. Oral Mucosal Lesions As A Side Effect Of Antituberculosis Drugs. 14th Biennial Congress of the EAOM, 27- 29.09.2018.<br \/>Ak G, Hac\u0131o\u011flu E, A\u00e7\u0131kg\u00f6z MM, Yurtseven A. Current Approaches to Early Diagnosis of Oral Squamous Cell Carcinoma: Case Series. 14th Biennial Congress of the EAOM, 27-29.09.2018.<br \/>Hac\u0131o\u011flu E, Akb\u0131y\u0131k Az ZA. Success and survival rates of dental implants: A1 to 6 year retrospective study. Clinical Oral Implants Research, 2019; 30(19): 321.<br \/>Akb\u0131y\u0131k Az ZA, Hac\u0131o\u011flu E, Yurtseven G\u00fcnay A, Ak G, Z\u00fclfikar OB. Success criteria for dental implant operations in patients with congenital bleeding disorders. Clinical Oral Implants Research, 2019; 30(19): 166-167.<br \/>Yurtseven G\u00fcnay A, Hac\u0131o\u011flu E, Akb\u0131y\u0131k Az ZA, Ak G. Intraoral lipoma: case series. Ataturk Uni. Journal of Faculty of Dentistry 2020; 30(3): 486-491.<br \/>Akb\u0131y\u0131k Az ZA, Hac\u0131o\u011flu E, Yurtseven G\u00fcnay A, Ak G. The importance of oral hygiene and regular follow-up motivation of oral cancer patients. International Oral Cancers Congress, 4-6.03.2020.<\/p><p>Akb\u0131y\u0131k Az ZA, Yurtseven G\u00fcnay A, Hac\u0131o\u011flu E, Ak G, Z\u00fclfikar OB. Current Approaches in Dental Implant Operations in Patients with Congenital Bleeding Disorder. Turkish Society of Oral Implantology 31st International Scientific Congress, 10-11.01.2020.<\/p><p>Yurtseven G\u00fcnay A, Akb\u0131y\u0131k Az ZA, Hac\u0131o\u011flu E, Ak G. Dental Implant Applications in Oral Mucosal Disease; Rewiev. Turkish Society of Oral Implantology 31st International Scientific Congress, 10-11.01.2020.<br \/>Hac\u0131o\u011flu E, Yurtseven A, Ak G. Hard and Soft Tissue Grafts Used in Oral Surgery. Oral, Dental and Maxillofacial Surgery Mind Notes, 2020; G\u00fcne\u015f Kitabevi: 243-266.<br \/><strong>Areas of Expertise<\/strong><br \/>Implant surgery and implant prostheses, oral and mucosal diseases, TMJ diseases, oral surgery applications, aesthetic smile design applications<\/p><\/div><\/div><\/div><\/div><\/div><\/article><\/main><\/div><\/div><\/div><\/div><\/div>\t\t\t\t\t\t\t\t<\/div>\n\t\t\t\t<\/div>\n\t\t\t\t\t<\/div>\n\t\t\t\t<\/div>\n\t\t\t\t<\/div>","protected":false},"excerpt":{"rendered":"<p>Randevu Al Dr. Dt. Esra Hac\u0131o\u011flu Menek\u015fe MED\u0130KAL D\u0130REKT\u00d6R- A\u011eIZ VE \u00c7ENE CERRAHI Dr. Dt. Esra Hac\u0131o\u011flu Menek\u015fe Kimdir? 1991 y\u0131l\u0131nda \u0130stanbul\u2019da do\u011fdu.2009 y\u0131l\u0131nda Ey\u00fcp Anadolu Lisesi\u2019nden mezun olduktan sonra T\u00fcrkiye\u2019nin en k\u00f6kl\u00fc \u00fcniversitelerinden biri olan \u0130stanbul \u00dcniversitesi Di\u015f Hekimli\u011fi Fak\u00fcltesi\u2019nde e\u011fitimine devam etti.2012 Avrupa Madrid \u00dcniversitesi\u2019nde 1 y\u0131l di\u015f hekimli\u011fi e\u011fitimi ald\u0131 ve 2014 [&hellip;]<\/p>\n","protected":false},"author":1,"featured_media":0,"parent":0,"menu_order":0,"comment_status":"closed","ping_status":"closed","template":"elementor_header_footer","meta":{"footnotes":""},"class_list":["post-467","page","type-page","status-publish","hentry"],"_links":{"self":[{"href":"https:\/\/klinik34.com.tr\/en\/wp-json\/wp\/v2\/pages\/467","targetHints":{"allow":["GET"]}}],"collection":[{"href":"https:\/\/klinik34.com.tr\/en\/wp-json\/wp\/v2\/pages"}],"about":[{"href":"https:\/\/klinik34.com.tr\/en\/wp-json\/wp\/v2\/types\/page"}],"author":[{"embeddable":true,"href":"https:\/\/klinik34.com.tr\/en\/wp-json\/wp\/v2\/users\/1"}],"replies":[{"embeddable":true,"href":"https:\/\/klinik34.com.tr\/en\/wp-json\/wp\/v2\/comments?post=467"}],"version-history":[{"count":0,"href":"https:\/\/klinik34.com.tr\/en\/wp-json\/wp\/v2\/pages\/467\/revisions"}],"wp:attachment":[{"href":"https:\/\/klinik34.com.tr\/en\/wp-json\/wp\/v2\/media?parent=467"}],"curies":[{"name":"wp","href":"https:\/\/api.w.org\/{rel}","templated":true}]}}