{"id":427,"date":"2025-01-13T01:01:21","date_gmt":"2025-01-12T22:01:21","guid":{"rendered":"https:\/\/demo.klinik34.com.tr\/?page_id=427"},"modified":"2025-03-21T01:46:09","modified_gmt":"2025-03-20T22:46:09","slug":"tooth-extraction-treatment","status":"publish","type":"page","link":"https:\/\/klinik34.com.tr\/en\/dis-cekimi-tedavisi\/","title":{"rendered":"Tooth Extraction Treatment"},"content":{"rendered":"<div data-elementor-type=\"wp-page\" data-elementor-id=\"427\" class=\"elementor elementor-427\" data-elementor-post-type=\"page\">\n\t\t\t\t\t\t<section class=\"elementor-section elementor-top-section elementor-element elementor-element-517ea08 elementor-section-height-min-height elementor-section-boxed elementor-section-height-default elementor-section-items-middle\" data-id=\"517ea08\" data-element_type=\"section\" data-e-type=\"section\" data-settings=\"{&quot;background_background&quot;:&quot;classic&quot;}\">\n\t\t\t\t\t\t\t<div class=\"elementor-background-overlay\"><\/div>\n\t\t\t\t\t\t\t<div class=\"elementor-container elementor-column-gap-default\">\n\t\t\t\t\t<div class=\"elementor-column elementor-col-100 elementor-top-column elementor-element elementor-element-e33d1e2\" data-id=\"e33d1e2\" data-element_type=\"column\" data-e-type=\"column\">\n\t\t\t<div class=\"elementor-widget-wrap elementor-element-populated\">\n\t\t\t\t\t\t<div class=\"elementor-element elementor-element-47d8553 elementor-widget elementor-widget-text-editor\" data-id=\"47d8553\" data-element_type=\"widget\" data-e-type=\"widget\" data-widget_type=\"text-editor.default\">\n\t\t\t\t\t\t\t\t\t<p class=\"p1\"><span style=\"color: #ffffff;\">Tooth extraction is the process of removing a tooth by a dentist.<\/span><\/p>\t\t\t\t\t\t\t\t<\/div>\n\t\t\t\t\t<\/div>\n\t\t<\/div>\n\t\t\t\t\t<\/div>\n\t\t<\/section>\n\t\t\t\t<section class=\"elementor-section elementor-top-section elementor-element elementor-element-fd3d5d4 elementor-section-boxed elementor-section-height-default elementor-section-height-default\" data-id=\"fd3d5d4\" data-element_type=\"section\" data-e-type=\"section\">\n\t\t\t\t\t\t<div class=\"elementor-container elementor-column-gap-default\">\n\t\t\t\t\t<div class=\"elementor-column elementor-col-50 elementor-top-column elementor-element elementor-element-5068c76\" data-id=\"5068c76\" data-element_type=\"column\" data-e-type=\"column\">\n\t\t\t<div class=\"elementor-widget-wrap elementor-element-populated\">\n\t\t\t\t\t\t<div class=\"elementor-element elementor-element-2e407f0 elementor-widget elementor-widget-heading\" data-id=\"2e407f0\" data-element_type=\"widget\" data-e-type=\"widget\" data-widget_type=\"heading.default\">\n\t\t\t\t\t<h5 class=\"elementor-heading-title elementor-size-default\">TREATMENTS<\/h5>\t\t\t\t<\/div>\n\t\t\t\t<div class=\"elementor-element elementor-element-b50b339 elementor-widget elementor-widget-heading\" data-id=\"b50b339\" data-element_type=\"widget\" data-e-type=\"widget\" data-widget_type=\"heading.default\">\n\t\t\t\t\t<h2 class=\"elementor-heading-title elementor-size-default\">Tooth Extraction Treatment\n<\/h2>\t\t\t\t<\/div>\n\t\t\t\t<div class=\"elementor-element elementor-element-83bae63 elementor-widget elementor-widget-text-editor\" data-id=\"83bae63\" data-element_type=\"widget\" data-e-type=\"widget\" data-widget_type=\"text-editor.default\">\n\t\t\t\t\t\t\t\t\t<p class=\"p1\">This procedure is usually necessary due to severe tooth decay, damage, infection or improper tooth positioning.<\/p>\t\t\t\t\t\t\t\t<\/div>\n\t\t\t\t<div class=\"elementor-element elementor-element-28a1b63 elementor-widget elementor-widget-elementskit-accordion\" data-id=\"28a1b63\" data-element_type=\"widget\" data-e-type=\"widget\" data-widget_type=\"elementskit-accordion.default\">\n\t\t\t\t\t<div class=\"ekit-wid-con\" >\n        <div class=\"elementskit-accordion accoedion-primary\" id=\"accordion-69d242b09a2ea\">\n\n            \n                <div class=\"elementskit-card active\">\n                    <div class=\"elementskit-card-header\" id=\"primaryHeading-0-28a1b63\">\n                        <a href=\"#collapse-a7e7a6c69d242b09a2ea\" class=\"ekit-accordion--toggler elementskit-btn-link collapsed\" data-ekit-toggle=\"collapse\" data-target=\"#Collapse-a7e7a6c69d242b09a2ea\" aria-expanded=\"true\" aria-controls=\"Collapse-a7e7a6c69d242b09a2ea\">\n                            \n                            <span class=\"ekit-accordion-title\">What are the Reasons for Tooth Extraction?<\/span>\n\n                            \n                                <div class=\"ekit_accordion_icon_group\">\n                                    <div class=\"ekit_accordion_normal_icon\">\n                                        <!-- Normal Icon -->\n\t\t\t\t\t\t\t\t\t\t<i class=\"icon icon-down-arrow1\"><\/i>                                    <\/div>\n\n                                    <div class=\"ekit_accordion_active_icon\">\n                                        <!-- Active Icon -->\n\t\t\t\t\t\t\t\t\t\t<i class=\"icon icon-up-arrow\"><\/i>                                    <\/div>\n                                <\/div>\n\n                            \n                                                    <\/a>\n                    <\/div>\n\n                    <div id=\"Collapse-a7e7a6c69d242b09a2ea\" class=\"show collapse\" aria-labelledby=\"primaryHeading-0-28a1b63\" data-parent=\"#accordion-69d242b09a2ea\">\n\n                        <div class=\"elementskit-card-body ekit-accordion--content\">\n                            <p class=\"p1\">Tooth extraction is usually necessary in the following cases:<\/p><p class=\"p1\">Decayed or Damaged Teeth: If the tooth cannot be completely saved due to tooth decay or damage, tooth extraction may be necessary.<\/p><p class=\"p1\">Gum Diseases: Gum disease can affect the tissues that support the teeth and make it difficult for the teeth to stay firmly in place. In this case, tooth extraction may be necessary.<\/p><p class=\"p1\">Orthodontic Treatment: Tooth extraction is sometimes necessary for proper alignment of the teeth. In this case, tooth extraction can be performed to correct the jaw structure.<\/p><p class=\"p1\">Widespread Infections: If there are widespread infections in the tooth roots or other oral tissues, tooth extraction may be necessary.<\/p>                        <\/div>\n\n                    <\/div>\n\n                <\/div><!-- .elementskit-card END -->\n\n                \n                <div class=\"elementskit-card\">\n                    <div class=\"elementskit-card-header\" id=\"primaryHeading-1-28a1b63\">\n                        <a href=\"#collapse-5a7fd2269d242b09a2ea\" class=\"ekit-accordion--toggler elementskit-btn-link collapsed\" data-ekit-toggle=\"collapse\" data-target=\"#Collapse-5a7fd2269d242b09a2ea\" aria-expanded=\"false\" aria-controls=\"Collapse-5a7fd2269d242b09a2ea\">\n                            \n                            <span class=\"ekit-accordion-title\">What is a Tooth Extraction Procedure?<\/span>\n\n                            \n                                <div class=\"ekit_accordion_icon_group\">\n                                    <div class=\"ekit_accordion_normal_icon\">\n                                        <!-- Normal Icon -->\n\t\t\t\t\t\t\t\t\t\t<i class=\"icon icon-down-arrow1\"><\/i>                                    <\/div>\n\n                                    <div class=\"ekit_accordion_active_icon\">\n                                        <!-- Active Icon -->\n\t\t\t\t\t\t\t\t\t\t<i class=\"icon icon-up-arrow\"><\/i>                                    <\/div>\n                                <\/div>\n\n                            \n                                                    <\/a>\n                    <\/div>\n\n                    <div id=\"Collapse-5a7fd2269d242b09a2ea\" class=\"collapse\" aria-labelledby=\"primaryHeading-1-28a1b63\" data-parent=\"#accordion-69d242b09a2ea\">\n\n                        <div class=\"elementskit-card-body ekit-accordion--content\">\n                            <div class=\"site-content\"><div class=\"content-inner\"><div class=\"container content-container\"><div class=\"row content-row\"><div class=\"content-area content-full-width col-12\"><p class=\"p1\">Tooth extraction usually involves the following steps:<\/p><p class=\"p1\">Examination and Radiographic Examination: The dentist examines and, if necessary, takes X-rays to assess the condition of the tooth.<\/p><p class=\"p1\">Local Anesthesia Local anesthesia is usually applied to prevent pain and discomfort during tooth extraction.<\/p><p class=\"p1\">Tooth Extraction The dentist carefully removes the tooth using appropriate instruments. In some cases, it may be necessary to cut the surrounding tissues to remove the tooth.<\/p><p class=\"p1\">Stitches and Temporary Measures: If necessary, the extraction area is closed with stitches and cleaned appropriately. Temporary measures can also be taken to protect the extraction site.<\/p><\/div><\/div><\/div><\/div><\/div>                        <\/div>\n\n                    <\/div>\n\n                <\/div><!-- .elementskit-card END -->\n\n                \n                <div class=\"elementskit-card\">\n                    <div class=\"elementskit-card-header\" id=\"primaryHeading-2-28a1b63\">\n                        <a href=\"#collapse-e67bcc769d242b09a2ea\" class=\"ekit-accordion--toggler elementskit-btn-link collapsed\" data-ekit-toggle=\"collapse\" data-target=\"#Collapse-e67bcc769d242b09a2ea\" aria-expanded=\"false\" aria-controls=\"Collapse-e67bcc769d242b09a2ea\">\n                            \n                            <span class=\"ekit-accordion-title\">How Should I Care After Tooth Extraction?<\/span>\n\n                            \n                                <div class=\"ekit_accordion_icon_group\">\n                                    <div class=\"ekit_accordion_normal_icon\">\n                                        <!-- Normal Icon -->\n\t\t\t\t\t\t\t\t\t\t<i class=\"icon icon-down-arrow1\"><\/i>                                    <\/div>\n\n                                    <div class=\"ekit_accordion_active_icon\">\n                                        <!-- Active Icon -->\n\t\t\t\t\t\t\t\t\t\t<i class=\"icon icon-up-arrow\"><\/i>                                    <\/div>\n                                <\/div>\n\n                            \n                                                    <\/a>\n                    <\/div>\n\n                    <div id=\"Collapse-e67bcc769d242b09a2ea\" class=\"collapse\" aria-labelledby=\"primaryHeading-2-28a1b63\" data-parent=\"#accordion-69d242b09a2ea\">\n\n                        <div class=\"elementskit-card-body ekit-accordion--content\">\n                            <p class=\"p1\">There are some precautions to be followed after tooth extraction:<\/p><p class=\"p1\">Bleeding Control: A slight bleeding at the extraction site is normal. Bleeding can be controlled with cotton pads or gauze.<\/p><p class=\"p1\">Pain and Swelling Control: There may be pain and swelling after tooth extraction. You can control these symptoms by using painkillers recommended by your doctor.<\/p><p class=\"p1\">Cleaning the tooth extraction site: You can use mouth rinses as recommended by your doctor to clean the extraction site.<\/p><p class=\"p1\">Diet Consuming soft and cold foods for a while after the extraction can support healing.<\/p><p class=\"p1\">Doctor Contact: Contact your doctor immediately in case of any abnormal symptoms or complications.<\/p>                        <\/div>\n\n                    <\/div>\n\n                <\/div><!-- .elementskit-card END -->\n\n                \n                <div class=\"elementskit-card\">\n                    <div class=\"elementskit-card-header\" id=\"primaryHeading-3-28a1b63\">\n                        <a href=\"#collapse-f64006d69d242b09a2ea\" class=\"ekit-accordion--toggler elementskit-btn-link collapsed\" data-ekit-toggle=\"collapse\" data-target=\"#Collapse-f64006d69d242b09a2ea\" aria-expanded=\"false\" aria-controls=\"Collapse-f64006d69d242b09a2ea\">\n                            \n                            <span class=\"ekit-accordion-title\">What are the Prices for Tooth Extraction Treatment?<\/span>\n\n                            \n                                <div class=\"ekit_accordion_icon_group\">\n                                    <div class=\"ekit_accordion_normal_icon\">\n                                        <!-- Normal Icon -->\n\t\t\t\t\t\t\t\t\t\t<i class=\"icon icon-down-arrow1\"><\/i>                                    <\/div>\n\n                                    <div class=\"ekit_accordion_active_icon\">\n                                        <!-- Active Icon -->\n\t\t\t\t\t\t\t\t\t\t<i class=\"icon icon-up-arrow\"><\/i>                                    <\/div>\n                                <\/div>\n\n                            \n                                                    <\/a>\n                    <\/div>\n\n                    <div id=\"Collapse-f64006d69d242b09a2ea\" class=\"collapse\" aria-labelledby=\"primaryHeading-3-28a1b63\" data-parent=\"#accordion-69d242b09a2ea\">\n\n                        <div class=\"elementskit-card-body ekit-accordion--content\">\n                            <div class=\"site-content\"><div class=\"content-inner\"><div class=\"container content-container\"><div class=\"row content-row\"><div class=\"content-area content-full-width col-12\"><div class=\"entry-content clearfix\"><p class=\"p1\">The price of tooth extraction treatment is determined by the damage to the tooth that needs to be extracted. For your oral health and hygiene, it is important to consult a reliable clinic and get professional support. If you want to choose a sensitive treatment process and a caring dentist, Klinik34 is always with you! With medical treatment methods approved worldwide, proven success and high patient satisfaction, you can contact Klinik34 now.<\/p><\/div><\/div><\/div><\/div><\/div><\/div><div class=\"top-footer\"><div class=\"container\"><div class=\"row\"><div class=\"ct-footer-item col-xl-3 col-lg-3 col-md-6 col-sm-6 col-xs-6\">\u00a0<\/div><\/div><\/div><\/div>                        <\/div>\n\n                    <\/div>\n\n                <\/div><!-- .elementskit-card END -->\n\n                                        <\/div>\n    <\/div>\t\t\t\t<\/div>\n\t\t\t\t\t<\/div>\n\t\t<\/div>\n\t\t\t\t<div class=\"elementor-column elementor-col-50 elementor-top-column elementor-element elementor-element-a5bf0e1\" data-id=\"a5bf0e1\" data-element_type=\"column\" data-e-type=\"column\">\n\t\t\t<div class=\"elementor-widget-wrap elementor-element-populated\">\n\t\t\t\t\t\t<div class=\"elementor-element elementor-element-7a2c8de elementor-widget elementor-widget-html\" data-id=\"7a2c8de\" data-element_type=\"widget\" data-e-type=\"widget\" data-widget_type=\"html.default\">\n\t\t\t\t\t\t\t<div data-elementor-type=\"section\" data-elementor-id=\"230\" class=\"elementor elementor-230\" data-elementor-post-type=\"elementor_library\">\n\t\t\t<div class=\"elementor-element elementor-element-6373e36 e-flex e-con-boxed e-con e-parent\" data-id=\"6373e36\" data-element_type=\"container\" data-e-type=\"container\" data-settings=\"{&quot;background_background&quot;:&quot;classic&quot;}\">\n\t\t\t\t\t<div class=\"e-con-inner\">\n\t\t\t\t<div class=\"elementor-element elementor-element-dd55082 elementor-widget elementor-widget-heading\" data-id=\"dd55082\" data-element_type=\"widget\" data-e-type=\"widget\" data-widget_type=\"heading.default\">\n\t\t\t\t\t<h2 class=\"elementor-heading-title elementor-size-default\">Treatments<\/h2>\t\t\t\t<\/div>\n\t\t\t\t<div class=\"elementor-element elementor-element-e2eed5e elementor-widget elementor-widget-text-editor\" data-id=\"e2eed5e\" data-element_type=\"widget\" data-e-type=\"widget\" data-widget_type=\"text-editor.default\">\n\t\t\t\t\t\t\t\t\t<p><a href=\"https:\/\/klinik34.com.tr\/en\/implant\/\"><strong>Implant<\/strong><\/a><br \/><a href=\"https:\/\/klinik34.com.tr\/en\/all-on-six\/\">- All on Six<\/a><br \/><a href=\"https:\/\/klinik34.com.tr\/en\/all-on-four\/\">- All on Four<\/a><br \/><a href=\"https:\/\/klinik34.com.tr\/en\/aesthetic-dentistry\/\"><strong>Aesthetic Dentistry<\/strong><\/a><br \/><a href=\"https:\/\/klinik34.com.tr\/en\/smile-design-2\/\">- Smile Design<\/a><br \/><a href=\"https:\/\/klinik34.com.tr\/en\/porcelain-veneer\/\">- Laminated Veneer<\/a><br \/><a href=\"https:\/\/klinik34.com.tr\/en\/zirconia-crown\/\">- Zirconium Veneer<\/a><br \/><a href=\"https:\/\/klinik34.com.tr\/en\/teeth-whitening\/\">- Tooth Whitening <\/a><br \/><a href=\"https:\/\/klinik34.com.tr\/en\/tooth-stone-cleaning-treatment\/\">- Tartar Removal Treatment<\/a><br \/><a href=\"https:\/\/klinik34.com.tr\/en\/orthodontics\/\"><strong>Orthodontics<\/strong><\/a><br \/><a href=\"https:\/\/klinik34.com.tr\/en\/invisalign\/\">- Invisalign \/ Clear Aligners<\/a><br \/><a href=\"https:\/\/klinik34.com.tr\/en\/root-canal-treatment-endodontics\/\"><strong>Root Canal Treatment \/ Endodontics<\/strong><\/a><br \/><a href=\"https:\/\/klinik34.com.tr\/en\/filling-treatment\/\"><strong>Filling Treatment<\/strong><\/a><br \/><a href=\"https:\/\/klinik34.com.tr\/en\/onley-ceramic-filling\/\">- Onley Ceramic Filling<\/a><br \/><a href=\"https:\/\/klinik34.com.tr\/en\/pediatric-dentistry\/\"><strong>Pediatric Dentistry \/ Pedodontics<\/strong><\/a><br \/><a href=\"https:\/\/klinik34.com.tr\/en\/gum-diseases-periodontology\/\"><strong>Gum Diseases \/ Periodontology<\/strong><\/a><br \/><a href=\"https:\/\/klinik34.com.tr\/en\/oral-dental-and-jaw-surgery\/\"><strong>Oral and Maxillofacial Surgery<\/strong><\/a><br \/><a href=\"https:\/\/klinik34.com.tr\/en\/tooth-extraction-treatment\/\"><strong>Tooth Extraction Treatment<\/strong><\/a><br \/><a href=\"https:\/\/klinik34.com.tr\/en\/impacted-tooth-wisdom-tooth-extraction-treatment\/\">- Impacted Tooth (Wisdom Tooth) Extraction Treatment<\/a><\/p>\t\t\t\t\t\t\t\t<\/div>\n\t\t\t\t\t<\/div>\n\t\t\t\t<\/div>\n\t\t<div class=\"elementor-element elementor-element-61ab579 e-flex e-con-boxed e-con e-parent\" data-id=\"61ab579\" data-element_type=\"container\" data-e-type=\"container\">\n\t\t\t\t\t<div class=\"e-con-inner\">\n\t\t\t\t<div class=\"elementor-element elementor-element-c8868dc elementor-widget elementor-widget-spacer\" data-id=\"c8868dc\" data-element_type=\"widget\" data-e-type=\"widget\" data-widget_type=\"spacer.default\">\n\t\t\t\t\t\t\t<div class=\"elementor-spacer\">\n\t\t\t<div class=\"elementor-spacer-inner\"><\/div>\n\t\t<\/div>\n\t\t\t\t\t\t<\/div>\n\t\t\t\t\t<\/div>\n\t\t\t\t<\/div>\n\t\t<div class=\"elementor-element elementor-element-f24b417 e-flex e-con-boxed e-con e-parent\" data-id=\"f24b417\" data-element_type=\"container\" data-e-type=\"container\" data-settings=\"{&quot;background_background&quot;:&quot;classic&quot;}\">\n\t\t\t\t\t<div class=\"e-con-inner\">\n\t\t\t\t<div class=\"elementor-element elementor-element-62523c0 elementor-widget elementor-widget-heading\" data-id=\"62523c0\" data-element_type=\"widget\" data-e-type=\"widget\" data-widget_type=\"heading.default\">\n\t\t\t\t\t<h3 class=\"elementor-heading-title elementor-size-default\">Contact us<\/h3>\t\t\t\t<\/div>\n\t\t\t\t<div class=\"elementor-element elementor-element-dc16835 elementor-position-inline-start elementor-view-stacked elementor-mobile-position-inline-start elementor-shape-circle elementor-widget elementor-widget-icon-box\" data-id=\"dc16835\" data-element_type=\"widget\" data-e-type=\"widget\" data-widget_type=\"icon-box.default\">\n\t\t\t\t\t\t\t<div class=\"elementor-icon-box-wrapper\">\n\n\t\t\t\t\t\t<div class=\"elementor-icon-box-icon\">\n\t\t\t\t<span  class=\"elementor-icon\">\n\t\t\t\t<i aria-hidden=\"true\" class=\"icon icon-phone1\"><\/i>\t\t\t\t<\/span>\n\t\t\t<\/div>\n\t\t\t\n\t\t\t\t\t\t<div class=\"elementor-icon-box-content\">\n\n\t\t\t\t\t\t\t\t\t<h5 class=\"elementor-icon-box-title\">\n\t\t\t\t\t\t<span  >\n\t\t\t\t\t\t\t+90 (0212) 591 34 34 \t\t\t\t\t\t<\/span>\n\t\t\t\t\t<\/h5>\n\t\t\t\t\n\t\t\t\t\n\t\t\t<\/div>\n\t\t\t\n\t\t<\/div>\n\t\t\t\t\t\t<\/div>\n\t\t\t\t<div class=\"elementor-element elementor-element-f36508f elementor-position-inline-start elementor-view-stacked elementor-mobile-position-inline-start elementor-shape-circle elementor-widget elementor-widget-icon-box\" data-id=\"f36508f\" data-element_type=\"widget\" data-e-type=\"widget\" data-widget_type=\"icon-box.default\">\n\t\t\t\t\t\t\t<div class=\"elementor-icon-box-wrapper\">\n\n\t\t\t\t\t\t<div class=\"elementor-icon-box-icon\">\n\t\t\t\t<span  class=\"elementor-icon\">\n\t\t\t\t<i aria-hidden=\"true\" class=\"icon icon-email1\"><\/i>\t\t\t\t<\/span>\n\t\t\t<\/div>\n\t\t\t\n\t\t\t\t\t\t<div class=\"elementor-icon-box-content\">\n\n\t\t\t\t\t\t\t\t\t<h5 class=\"elementor-icon-box-title\">\n\t\t\t\t\t\t<span  >\n\t\t\t\t\t\t\tinfo@klinik34.com.tr\t\t\t\t\t\t<\/span>\n\t\t\t\t\t<\/h5>\n\t\t\t\t\n\t\t\t\t\n\t\t\t<\/div>\n\t\t\t\n\t\t<\/div>\n\t\t\t\t\t\t<\/div>\n\t\t\t\t<div class=\"elementor-element elementor-element-1dcc095 elementor-position-inline-start elementor-view-stacked elementor-mobile-position-inline-start elementor-shape-circle elementor-widget elementor-widget-icon-box\" data-id=\"1dcc095\" data-element_type=\"widget\" data-e-type=\"widget\" data-widget_type=\"icon-box.default\">\n\t\t\t\t\t\t\t<div class=\"elementor-icon-box-wrapper\">\n\n\t\t\t\t\t\t<div class=\"elementor-icon-box-icon\">\n\t\t\t\t<span  class=\"elementor-icon\">\n\t\t\t\t<i aria-hidden=\"true\" class=\"icon icon-google-map\"><\/i>\t\t\t\t<\/span>\n\t\t\t<\/div>\n\t\t\t\n\t\t\t\t\t\t<div class=\"elementor-icon-box-content\">\n\n\t\t\t\t\t\t\t\t\t<h5 class=\"elementor-icon-box-title\">\n\t\t\t\t\t\t<span  >\n\t\t\t\t\t\t\tMillet Cad. Adasaray Apt. No:53\/1 F\u0131nd\u0131kzade Fatih\t\t\t\t\t\t<\/span>\n\t\t\t\t\t<\/h5>\n\t\t\t\t\n\t\t\t\t\n\t\t\t<\/div>\n\t\t\t\n\t\t<\/div>\n\t\t\t\t\t\t<\/div>\n\t\t\t\t\t<\/div>\n\t\t\t\t<\/div>\n\t\t<div class=\"elementor-element elementor-element-16606ea e-flex e-con-boxed e-con e-parent\" data-id=\"16606ea\" data-element_type=\"container\" data-e-type=\"container\">\n\t\t\t\t\t<div class=\"e-con-inner\">\n\t\t\t\t<div class=\"elementor-element elementor-element-c2c2773 elementor-widget elementor-widget-spacer\" data-id=\"c2c2773\" data-element_type=\"widget\" data-e-type=\"widget\" data-widget_type=\"spacer.default\">\n\t\t\t\t\t\t\t<div class=\"elementor-spacer\">\n\t\t\t<div class=\"elementor-spacer-inner\"><\/div>\n\t\t<\/div>\n\t\t\t\t\t\t<\/div>\n\t\t\t\t\t<\/div>\n\t\t\t\t<\/div>\n\t\t<div class=\"elementor-element elementor-element-8c2fdb2 e-flex e-con-boxed e-con e-parent\" data-id=\"8c2fdb2\" data-element_type=\"container\" data-e-type=\"container\" data-settings=\"{&quot;background_background&quot;:&quot;classic&quot;}\">\n\t\t\t\t\t<div class=\"e-con-inner\">\n\t\t\t\t<div class=\"elementor-element elementor-element-da6f9ac elementor-widget elementor-widget-heading\" data-id=\"da6f9ac\" data-element_type=\"widget\" data-e-type=\"widget\" data-widget_type=\"heading.default\">\n\t\t\t\t\t<h3 class=\"elementor-heading-title elementor-size-default\">Free Consultancy<\/h3>\t\t\t\t<\/div>\n\t\t\t\t<div class=\"elementor-element elementor-element-0bbc361 elementor-widget elementor-widget-text-editor\" data-id=\"0bbc361\" data-element_type=\"widget\" data-e-type=\"widget\" data-widget_type=\"text-editor.default\">\n\t\t\t\t\t\t\t\t\t<p>Contact us<\/p>\t\t\t\t\t\t\t\t<\/div>\n\t\t\t\t<div class=\"elementor-element elementor-element-0c6b422 elementor-align-center elementor-widget__width-inherit elementor-widget elementor-widget-button\" data-id=\"0c6b422\" data-element_type=\"widget\" data-e-type=\"widget\" data-widget_type=\"button.default\">\n\t\t\t\t\t\t\t\t\t\t<a class=\"elementor-button elementor-button-link elementor-size-sm elementor-animation-float\" href=\"#\">\n\t\t\t\t\t\t<span class=\"elementor-button-content-wrapper\">\n\t\t\t\t\t\t<span class=\"elementor-button-icon\">\n\t\t\t\t<svg aria-hidden=\"true\" class=\"e-font-icon-svg e-fas-external-link-alt\" viewbox=\"0 0 512 512\" xmlns=\"http:\/\/www.w3.org\/2000\/svg\"><path d=\"M432,320H400a16,16,0,0,0-16,16V448H64V128H208a16,16,0,0,0,16-16V80a16,16,0,0,0-16-16H48A48,48,0,0,0,0,112V464a48,48,0,0,0,48,48H400a48,48,0,0,0,48-48V336A16,16,0,0,0,432,320ZM488,0h-128c-21.37,0-32.05,25.91-17,41l35.73,35.73L135,320.37a24,24,0,0,0,0,34L157.67,377a24,24,0,0,0,34,0L435.28,133.32,471,169c15,15,41,4.5,41-17V24A24,24,0,0,0,488,0Z\"><\/path><\/svg>\t\t\t<\/span>\n\t\t\t\t\t\t\t\t\t<span class=\"elementor-button-text\">Free appointment<\/span>\n\t\t\t\t\t<\/span>\n\t\t\t\t\t<\/a>\n\t\t\t\t\t\t\t\t<\/div>\n\t\t\t\t\t<\/div>\n\t\t\t\t<\/div>\n\t\t\t\t<\/div>\n\t\t\t\t\t\t<\/div>\n\t\t\t\t\t<\/div>\n\t\t<\/div>\n\t\t\t\t\t<\/div>\n\t\t<\/section>\n\t\t\t\t<\/div>","protected":false},"excerpt":{"rendered":"<p>Di\u015f \u00e7ekimi, di\u015f hekimi taraf\u0131ndan di\u015fin \u00e7\u0131kar\u0131lmas\u0131 i\u015flemidir. TEDAV\u0130LER Di\u015f \u00c7ekimi Tedavisi Bu i\u015flem genellikle di\u015fte ciddi bir \u00e7\u00fcr\u00fcme, hasar, enfeksiyon veya di\u015fin uygun olmayan bir \u015fekilde yerle\u015fimi gibi durumlar nedeniyle gereklidir. Di\u015f \u00c7ekiminin Gerek\u00e7eleri Nelerdir? Di\u015f \u00e7ekimi genellikle \u015fu durumlarda gereklidir: \u00c7\u00fcr\u00fck veya Hasarl\u0131 Di\u015fler: Di\u015f \u00e7\u00fcr\u00fcmesi veya hasar nedeniyle di\u015fin tamamen kurtar\u0131lamamas\u0131 durumunda, [&hellip;]<\/p>\n","protected":false},"author":1,"featured_media":0,"parent":0,"menu_order":0,"comment_status":"closed","ping_status":"closed","template":"elementor_header_footer","meta":{"footnotes":""},"class_list":["post-427","page","type-page","status-publish","hentry"],"_links":{"self":[{"href":"https:\/\/klinik34.com.tr\/en\/wp-json\/wp\/v2\/pages\/427","targetHints":{"allow":["GET"]}}],"collection":[{"href":"https:\/\/klinik34.com.tr\/en\/wp-json\/wp\/v2\/pages"}],"about":[{"href":"https:\/\/klinik34.com.tr\/en\/wp-json\/wp\/v2\/types\/page"}],"author":[{"embeddable":true,"href":"https:\/\/klinik34.com.tr\/en\/wp-json\/wp\/v2\/users\/1"}],"replies":[{"embeddable":true,"href":"https:\/\/klinik34.com.tr\/en\/wp-json\/wp\/v2\/comments?post=427"}],"version-history":[{"count":0,"href":"https:\/\/klinik34.com.tr\/en\/wp-json\/wp\/v2\/pages\/427\/revisions"}],"wp:attachment":[{"href":"https:\/\/klinik34.com.tr\/en\/wp-json\/wp\/v2\/media?parent=427"}],"curies":[{"name":"wp","href":"https:\/\/api.w.org\/{rel}","templated":true}]}}