{"id":339,"date":"2025-01-12T22:34:58","date_gmt":"2025-01-12T19:34:58","guid":{"rendered":"https:\/\/demo.klinik34.com.tr\/?page_id=339"},"modified":"2025-03-21T01:41:18","modified_gmt":"2025-03-20T22:41:18","slug":"tooth-stone-cleaning-treatment","status":"publish","type":"page","link":"https:\/\/klinik34.com.tr\/en\/dis-tasi-temizligi-tedavisi\/","title":{"rendered":"Tartar Removal Treatment"},"content":{"rendered":"<div data-elementor-type=\"wp-page\" data-elementor-id=\"339\" class=\"elementor elementor-339\" data-elementor-post-type=\"page\">\n\t\t\t\t\t\t<section class=\"elementor-section elementor-top-section elementor-element elementor-element-3f28aba elementor-section-height-min-height elementor-section-boxed elementor-section-height-default elementor-section-items-middle\" data-id=\"3f28aba\" data-element_type=\"section\" data-e-type=\"section\" data-settings=\"{&quot;background_background&quot;:&quot;classic&quot;}\">\n\t\t\t\t\t\t\t<div class=\"elementor-background-overlay\"><\/div>\n\t\t\t\t\t\t\t<div class=\"elementor-container elementor-column-gap-default\">\n\t\t\t\t\t<div class=\"elementor-column elementor-col-100 elementor-top-column elementor-element elementor-element-7fbacaf\" data-id=\"7fbacaf\" data-element_type=\"column\" data-e-type=\"column\">\n\t\t\t<div class=\"elementor-widget-wrap elementor-element-populated\">\n\t\t\t\t\t\t<div class=\"elementor-element elementor-element-9ca77df elementor-widget elementor-widget-text-editor\" data-id=\"9ca77df\" data-element_type=\"widget\" data-e-type=\"widget\" data-widget_type=\"text-editor.default\">\n\t\t\t\t\t\t\t\t\t<p><span style=\"color: #ffffff;\">Scaling is an important oral health procedure that involves the removal of plaque and tartar accumulated on the teeth by a specialized dentist using special instruments and techniques.<\/span><\/p>\t\t\t\t\t\t\t\t<\/div>\n\t\t\t\t\t<\/div>\n\t\t<\/div>\n\t\t\t\t\t<\/div>\n\t\t<\/section>\n\t\t\t\t<section class=\"elementor-section elementor-top-section elementor-element elementor-element-bea9f08 elementor-section-boxed elementor-section-height-default elementor-section-height-default\" data-id=\"bea9f08\" data-element_type=\"section\" data-e-type=\"section\">\n\t\t\t\t\t\t<div class=\"elementor-container elementor-column-gap-default\">\n\t\t\t\t\t<div class=\"elementor-column elementor-col-50 elementor-top-column elementor-element elementor-element-69fdbb6\" data-id=\"69fdbb6\" data-element_type=\"column\" data-e-type=\"column\">\n\t\t\t<div class=\"elementor-widget-wrap elementor-element-populated\">\n\t\t\t\t\t\t<div class=\"elementor-element elementor-element-c5a0562 elementor-widget elementor-widget-heading\" data-id=\"c5a0562\" data-element_type=\"widget\" data-e-type=\"widget\" data-widget_type=\"heading.default\">\n\t\t\t\t\t<h5 class=\"elementor-heading-title elementor-size-default\">TREATMENTS<\/h5>\t\t\t\t<\/div>\n\t\t\t\t<div class=\"elementor-element elementor-element-69cfc98 elementor-widget elementor-widget-heading\" data-id=\"69cfc98\" data-element_type=\"widget\" data-e-type=\"widget\" data-widget_type=\"heading.default\">\n\t\t\t\t\t<h2 class=\"elementor-heading-title elementor-size-default\">Tartar Removal Treatment\n\n<\/h2>\t\t\t\t<\/div>\n\t\t\t\t<div class=\"elementor-element elementor-element-c8b0d4c elementor-widget elementor-widget-text-editor\" data-id=\"c8b0d4c\" data-element_type=\"widget\" data-e-type=\"widget\" data-widget_type=\"text-editor.default\">\n\t\t\t\t\t\t\t\t\t<p class=\"p1\">Scaling is an important oral health procedure that involves the removal of plaque and tartar that builds up on the teeth by a specialist dentist using special tools and techniques. This treatment is important to maintain the health of the teeth and gums, prevent tooth decay and prevent problems such as bad breath. Here are more details about the importance and process of scaling treatment:<\/p>\t\t\t\t\t\t\t\t<\/div>\n\t\t\t\t<div class=\"elementor-element elementor-element-24210b0 elementor-widget elementor-widget-elementskit-accordion\" data-id=\"24210b0\" data-element_type=\"widget\" data-e-type=\"widget\" data-widget_type=\"elementskit-accordion.default\">\n\t\t\t\t\t<div class=\"ekit-wid-con\" >\n        <div class=\"elementskit-accordion accoedion-primary\" id=\"accordion-69d251dde44bf\">\n\n            \n                <div class=\"elementskit-card active\">\n                    <div class=\"elementskit-card-header\" id=\"primaryHeading-0-24210b0\">\n                        <a href=\"#collapse-a7e7a6c69d251dde44bf\" class=\"ekit-accordion--toggler elementskit-btn-link collapsed\" data-ekit-toggle=\"collapse\" data-target=\"#Collapse-a7e7a6c69d251dde44bf\" aria-expanded=\"true\" aria-controls=\"Collapse-a7e7a6c69d251dde44bf\">\n                            \n                            <span class=\"ekit-accordion-title\">Importance of Tartar Removal<\/span>\n\n                            \n                                <div class=\"ekit_accordion_icon_group\">\n                                    <div class=\"ekit_accordion_normal_icon\">\n                                        <!-- Normal Icon -->\n\t\t\t\t\t\t\t\t\t\t<i class=\"icon icon-down-arrow1\"><\/i>                                    <\/div>\n\n                                    <div class=\"ekit_accordion_active_icon\">\n                                        <!-- Active Icon -->\n\t\t\t\t\t\t\t\t\t\t<i class=\"icon icon-up-arrow\"><\/i>                                    <\/div>\n                                <\/div>\n\n                            \n                                                    <\/a>\n                    <\/div>\n\n                    <div id=\"Collapse-a7e7a6c69d251dde44bf\" class=\"show collapse\" aria-labelledby=\"primaryHeading-0-24210b0\" data-parent=\"#accordion-69d251dde44bf\">\n\n                        <div class=\"elementskit-card-body ekit-accordion--content\">\n                            <p class=\"p1\">Scaling is an important part of maintaining your oral health. It is important for the following reasons:<\/p>\n<p class=\"p1\">Prevents Gum Diseases: Tartar can lead to the buildup of plaque and tartar that cause gum disease. Scaling helps prevent diseases such as gingivitis (gingivitis) and the more serious condition periodontitis.<\/p>\n<p class=\"p1\">Reduces Tooth Decay: Scaling reduces the formation of caries by removing plaque and tartar accumulated on the teeth. In this way, teeth stay healthy for longer.<\/p>\n<p class=\"p1\">Improves Aesthetic Appearance: Scaling makes your teeth whiter and brighter. This helps you achieve a more aesthetically appealing smile.<\/p>\n<p class=\"p1\">Prevents Bad Breath: Scaling contributes to the prevention of unpleasant problems such as bad breath. By removing plaque and tartar, the proliferation of bacteria is prevented, thus reducing the risk of bad breath.<\/p>                        <\/div>\n\n                    <\/div>\n\n                <\/div><!-- .elementskit-card END -->\n\n                \n                <div class=\"elementskit-card\">\n                    <div class=\"elementskit-card-header\" id=\"primaryHeading-1-24210b0\">\n                        <a href=\"#collapse-684d1fe69d251dde44bf\" class=\"ekit-accordion--toggler elementskit-btn-link collapsed\" data-ekit-toggle=\"collapse\" data-target=\"#Collapse-684d1fe69d251dde44bf\" aria-expanded=\"false\" aria-controls=\"Collapse-684d1fe69d251dde44bf\">\n                            \n                            <span class=\"ekit-accordion-title\">How to Remove Tartar?<\/span>\n\n                            \n                                <div class=\"ekit_accordion_icon_group\">\n                                    <div class=\"ekit_accordion_normal_icon\">\n                                        <!-- Normal Icon -->\n\t\t\t\t\t\t\t\t\t\t<i class=\"icon icon-down-arrow1\"><\/i>                                    <\/div>\n\n                                    <div class=\"ekit_accordion_active_icon\">\n                                        <!-- Active Icon -->\n\t\t\t\t\t\t\t\t\t\t<i class=\"icon icon-up-arrow\"><\/i>                                    <\/div>\n                                <\/div>\n\n                            \n                                                    <\/a>\n                    <\/div>\n\n                    <div id=\"Collapse-684d1fe69d251dde44bf\" class=\"collapse\" aria-labelledby=\"primaryHeading-1-24210b0\" data-parent=\"#accordion-69d251dde44bf\">\n\n                        <div class=\"elementskit-card-body ekit-accordion--content\">\n                            <p class=\"p1\">Scaling usually involves the following steps:<\/p>\n<p class=\"p1\">Examination: The dentist or dental hygienist will examine your teeth and gums and detect the presence of tartar.<\/p>\n<p class=\"p1\">Cleaning Specialists carefully remove plaque and tartar from your teeth using special ultrasonic devices and hand instruments. This is usually done in a relaxing way.<\/p>\n<p class=\"p1\">Polishing and Fluoride Application: Scaling is usually completed by polishing the teeth and applying fluoride if necessary. This makes your teeth brighter and healthier.<\/p>\n<p class=\"p1\">Treatment Plan: During scaling, the health of the teeth and gums is assessed and additional treatments are recommended if necessary. This may include treatment of tooth decay, management of gum disease or recommendations for oral hygiene.<\/p>                        <\/div>\n\n                    <\/div>\n\n                <\/div><!-- .elementskit-card END -->\n\n                \n                <div class=\"elementskit-card\">\n                    <div class=\"elementskit-card-header\" id=\"primaryHeading-2-24210b0\">\n                        <a href=\"#collapse-eabe0b869d251dde44bf\" class=\"ekit-accordion--toggler elementskit-btn-link collapsed\" data-ekit-toggle=\"collapse\" data-target=\"#Collapse-eabe0b869d251dde44bf\" aria-expanded=\"false\" aria-controls=\"Collapse-eabe0b869d251dde44bf\">\n                            \n                            <span class=\"ekit-accordion-title\">What are the Prices for Teeth Cleaning Treatment?<\/span>\n\n                            \n                                <div class=\"ekit_accordion_icon_group\">\n                                    <div class=\"ekit_accordion_normal_icon\">\n                                        <!-- Normal Icon -->\n\t\t\t\t\t\t\t\t\t\t<i class=\"icon icon-down-arrow1\"><\/i>                                    <\/div>\n\n                                    <div class=\"ekit_accordion_active_icon\">\n                                        <!-- Active Icon -->\n\t\t\t\t\t\t\t\t\t\t<i class=\"icon icon-up-arrow\"><\/i>                                    <\/div>\n                                <\/div>\n\n                            \n                                                    <\/a>\n                    <\/div>\n\n                    <div id=\"Collapse-eabe0b869d251dde44bf\" class=\"collapse\" aria-labelledby=\"primaryHeading-2-24210b0\" data-parent=\"#accordion-69d251dde44bf\">\n\n                        <div class=\"elementskit-card-body ekit-accordion--content\">\n                            <div class=\"site-content\">\n<div class=\"content-inner\">\n<div class=\"container content-container\">\n<div class=\"row content-row\">\n<div class=\"content-area content-full-width col-12\">\n\n<div class=\"entry-content clearfix\">\n<p class=\"p1\">The condition of the tooth largely determines the price of scaling treatment. It is important to contact a reliable clinic and get professional support for your oral health and hygiene. Meeting with an institution that offers reliable dental health services will save you from worrying about your oral health and then your whole body health. Establishing a healthy communication and synergy with your dentist will make the treatment and control process easier for both parties. If you want to choose a sensitive treatment process and a caring dentist, Klinik34 is always with you! You can contact Klinik34 immediately with medical treatment methods approved worldwide, proven successes and high patient satisfaction.<\/p>\n<\/div>\n\n<\/div>\n<\/div>\n<\/div>\n<\/div>\n<\/div>\n\n<div class=\"top-footer\">\n<div class=\"container\">\n<div class=\"row\">\n<div class=\"ct-footer-item col-xl-3 col-lg-3 col-md-6 col-sm-6 col-xs-6\">\u00a0<\/div>\n<\/div>\n<\/div>\n<\/div>\n                        <\/div>\n\n                    <\/div>\n\n                <\/div><!-- .elementskit-card END -->\n\n                                        <\/div>\n    <\/div>\t\t\t\t<\/div>\n\t\t\t\t\t<\/div>\n\t\t<\/div>\n\t\t\t\t<div class=\"elementor-column elementor-col-50 elementor-top-column elementor-element elementor-element-013733d\" data-id=\"013733d\" data-element_type=\"column\" data-e-type=\"column\">\n\t\t\t<div class=\"elementor-widget-wrap elementor-element-populated\">\n\t\t\t\t\t\t<div class=\"elementor-element elementor-element-2ec2861 elementor-widget elementor-widget-html\" data-id=\"2ec2861\" data-element_type=\"widget\" data-e-type=\"widget\" data-widget_type=\"html.default\">\n\t\t\t\t\t\t\t<div data-elementor-type=\"section\" data-elementor-id=\"230\" class=\"elementor elementor-230\" data-elementor-post-type=\"elementor_library\">\n\t\t\t<div class=\"elementor-element elementor-element-6373e36 e-flex e-con-boxed e-con e-parent\" data-id=\"6373e36\" data-element_type=\"container\" data-e-type=\"container\" data-settings=\"{&quot;background_background&quot;:&quot;classic&quot;}\">\n\t\t\t\t\t<div class=\"e-con-inner\">\n\t\t\t\t<div class=\"elementor-element elementor-element-dd55082 elementor-widget elementor-widget-heading\" data-id=\"dd55082\" data-element_type=\"widget\" data-e-type=\"widget\" data-widget_type=\"heading.default\">\n\t\t\t\t\t<h2 class=\"elementor-heading-title elementor-size-default\">Treatments<\/h2>\t\t\t\t<\/div>\n\t\t\t\t<div class=\"elementor-element elementor-element-e2eed5e elementor-widget elementor-widget-text-editor\" data-id=\"e2eed5e\" data-element_type=\"widget\" data-e-type=\"widget\" data-widget_type=\"text-editor.default\">\n\t\t\t\t\t\t\t\t\t<p><a href=\"https:\/\/klinik34.com.tr\/en\/implant\/\"><strong>Implant<\/strong><\/a><br \/><a href=\"https:\/\/klinik34.com.tr\/en\/all-on-six\/\">- All on Six<\/a><br \/><a href=\"https:\/\/klinik34.com.tr\/en\/all-on-four\/\">- All on Four<\/a><br \/><a href=\"https:\/\/klinik34.com.tr\/en\/aesthetic-dentistry\/\"><strong>Aesthetic Dentistry<\/strong><\/a><br \/><a href=\"https:\/\/klinik34.com.tr\/en\/smile-design-2\/\">- Smile Design<\/a><br \/><a href=\"https:\/\/klinik34.com.tr\/en\/porcelain-veneer\/\">- Laminated Veneer<\/a><br \/><a href=\"https:\/\/klinik34.com.tr\/en\/zirconia-crown\/\">- Zirconium Veneer<\/a><br \/><a href=\"https:\/\/klinik34.com.tr\/en\/teeth-whitening\/\">- Tooth Whitening <\/a><br \/><a href=\"https:\/\/klinik34.com.tr\/en\/tooth-stone-cleaning-treatment\/\">- Tartar Removal Treatment<\/a><br \/><a href=\"https:\/\/klinik34.com.tr\/en\/orthodontics\/\"><strong>Orthodontics<\/strong><\/a><br \/><a href=\"https:\/\/klinik34.com.tr\/en\/invisalign\/\">- Invisalign \/ Clear Aligners<\/a><br \/><a href=\"https:\/\/klinik34.com.tr\/en\/root-canal-treatment-endodontics\/\"><strong>Root Canal Treatment \/ Endodontics<\/strong><\/a><br \/><a href=\"https:\/\/klinik34.com.tr\/en\/filling-treatment\/\"><strong>Filling Treatment<\/strong><\/a><br \/><a href=\"https:\/\/klinik34.com.tr\/en\/onley-ceramic-filling\/\">- Onley Ceramic Filling<\/a><br \/><a href=\"https:\/\/klinik34.com.tr\/en\/pediatric-dentistry\/\"><strong>Pediatric Dentistry \/ Pedodontics<\/strong><\/a><br \/><a href=\"https:\/\/klinik34.com.tr\/en\/gum-diseases-periodontology\/\"><strong>Gum Diseases \/ Periodontology<\/strong><\/a><br \/><a href=\"https:\/\/klinik34.com.tr\/en\/oral-dental-and-jaw-surgery\/\"><strong>Oral and Maxillofacial Surgery<\/strong><\/a><br \/><a href=\"https:\/\/klinik34.com.tr\/en\/tooth-extraction-treatment\/\"><strong>Tooth Extraction Treatment<\/strong><\/a><br \/><a href=\"https:\/\/klinik34.com.tr\/en\/impacted-tooth-wisdom-tooth-extraction-treatment\/\">- Impacted Tooth (Wisdom Tooth) Extraction Treatment<\/a><\/p>\t\t\t\t\t\t\t\t<\/div>\n\t\t\t\t\t<\/div>\n\t\t\t\t<\/div>\n\t\t<div class=\"elementor-element elementor-element-61ab579 e-flex e-con-boxed e-con e-parent\" data-id=\"61ab579\" data-element_type=\"container\" data-e-type=\"container\">\n\t\t\t\t\t<div class=\"e-con-inner\">\n\t\t\t\t<div class=\"elementor-element elementor-element-c8868dc elementor-widget elementor-widget-spacer\" data-id=\"c8868dc\" data-element_type=\"widget\" data-e-type=\"widget\" data-widget_type=\"spacer.default\">\n\t\t\t\t\t\t\t<div class=\"elementor-spacer\">\n\t\t\t<div class=\"elementor-spacer-inner\"><\/div>\n\t\t<\/div>\n\t\t\t\t\t\t<\/div>\n\t\t\t\t\t<\/div>\n\t\t\t\t<\/div>\n\t\t<div class=\"elementor-element elementor-element-f24b417 e-flex e-con-boxed e-con e-parent\" data-id=\"f24b417\" data-element_type=\"container\" data-e-type=\"container\" data-settings=\"{&quot;background_background&quot;:&quot;classic&quot;}\">\n\t\t\t\t\t<div class=\"e-con-inner\">\n\t\t\t\t<div class=\"elementor-element elementor-element-62523c0 elementor-widget elementor-widget-heading\" data-id=\"62523c0\" data-element_type=\"widget\" data-e-type=\"widget\" data-widget_type=\"heading.default\">\n\t\t\t\t\t<h3 class=\"elementor-heading-title elementor-size-default\">Contact us<\/h3>\t\t\t\t<\/div>\n\t\t\t\t<div class=\"elementor-element elementor-element-dc16835 elementor-position-inline-start elementor-view-stacked elementor-mobile-position-inline-start elementor-shape-circle elementor-widget elementor-widget-icon-box\" data-id=\"dc16835\" data-element_type=\"widget\" data-e-type=\"widget\" data-widget_type=\"icon-box.default\">\n\t\t\t\t\t\t\t<div class=\"elementor-icon-box-wrapper\">\n\n\t\t\t\t\t\t<div class=\"elementor-icon-box-icon\">\n\t\t\t\t<span  class=\"elementor-icon\">\n\t\t\t\t<i aria-hidden=\"true\" class=\"icon icon-phone1\"><\/i>\t\t\t\t<\/span>\n\t\t\t<\/div>\n\t\t\t\n\t\t\t\t\t\t<div class=\"elementor-icon-box-content\">\n\n\t\t\t\t\t\t\t\t\t<h5 class=\"elementor-icon-box-title\">\n\t\t\t\t\t\t<span  >\n\t\t\t\t\t\t\t+90 (0212) 591 34 34 \t\t\t\t\t\t<\/span>\n\t\t\t\t\t<\/h5>\n\t\t\t\t\n\t\t\t\t\n\t\t\t<\/div>\n\t\t\t\n\t\t<\/div>\n\t\t\t\t\t\t<\/div>\n\t\t\t\t<div class=\"elementor-element elementor-element-f36508f elementor-position-inline-start elementor-view-stacked elementor-mobile-position-inline-start elementor-shape-circle elementor-widget elementor-widget-icon-box\" data-id=\"f36508f\" data-element_type=\"widget\" data-e-type=\"widget\" data-widget_type=\"icon-box.default\">\n\t\t\t\t\t\t\t<div class=\"elementor-icon-box-wrapper\">\n\n\t\t\t\t\t\t<div class=\"elementor-icon-box-icon\">\n\t\t\t\t<span  class=\"elementor-icon\">\n\t\t\t\t<i aria-hidden=\"true\" class=\"icon icon-email1\"><\/i>\t\t\t\t<\/span>\n\t\t\t<\/div>\n\t\t\t\n\t\t\t\t\t\t<div class=\"elementor-icon-box-content\">\n\n\t\t\t\t\t\t\t\t\t<h5 class=\"elementor-icon-box-title\">\n\t\t\t\t\t\t<span  >\n\t\t\t\t\t\t\tinfo@klinik34.com.tr\t\t\t\t\t\t<\/span>\n\t\t\t\t\t<\/h5>\n\t\t\t\t\n\t\t\t\t\n\t\t\t<\/div>\n\t\t\t\n\t\t<\/div>\n\t\t\t\t\t\t<\/div>\n\t\t\t\t<div class=\"elementor-element elementor-element-1dcc095 elementor-position-inline-start elementor-view-stacked elementor-mobile-position-inline-start elementor-shape-circle elementor-widget elementor-widget-icon-box\" data-id=\"1dcc095\" data-element_type=\"widget\" data-e-type=\"widget\" data-widget_type=\"icon-box.default\">\n\t\t\t\t\t\t\t<div class=\"elementor-icon-box-wrapper\">\n\n\t\t\t\t\t\t<div class=\"elementor-icon-box-icon\">\n\t\t\t\t<span  class=\"elementor-icon\">\n\t\t\t\t<i aria-hidden=\"true\" class=\"icon icon-google-map\"><\/i>\t\t\t\t<\/span>\n\t\t\t<\/div>\n\t\t\t\n\t\t\t\t\t\t<div class=\"elementor-icon-box-content\">\n\n\t\t\t\t\t\t\t\t\t<h5 class=\"elementor-icon-box-title\">\n\t\t\t\t\t\t<span  >\n\t\t\t\t\t\t\tMillet Cad. Adasaray Apt. No:53\/1 F\u0131nd\u0131kzade Fatih\t\t\t\t\t\t<\/span>\n\t\t\t\t\t<\/h5>\n\t\t\t\t\n\t\t\t\t\n\t\t\t<\/div>\n\t\t\t\n\t\t<\/div>\n\t\t\t\t\t\t<\/div>\n\t\t\t\t\t<\/div>\n\t\t\t\t<\/div>\n\t\t<div class=\"elementor-element elementor-element-16606ea e-flex e-con-boxed e-con e-parent\" data-id=\"16606ea\" data-element_type=\"container\" data-e-type=\"container\">\n\t\t\t\t\t<div class=\"e-con-inner\">\n\t\t\t\t<div class=\"elementor-element elementor-element-c2c2773 elementor-widget elementor-widget-spacer\" data-id=\"c2c2773\" data-element_type=\"widget\" data-e-type=\"widget\" data-widget_type=\"spacer.default\">\n\t\t\t\t\t\t\t<div class=\"elementor-spacer\">\n\t\t\t<div class=\"elementor-spacer-inner\"><\/div>\n\t\t<\/div>\n\t\t\t\t\t\t<\/div>\n\t\t\t\t\t<\/div>\n\t\t\t\t<\/div>\n\t\t<div class=\"elementor-element elementor-element-8c2fdb2 e-flex e-con-boxed e-con e-parent\" data-id=\"8c2fdb2\" data-element_type=\"container\" data-e-type=\"container\" data-settings=\"{&quot;background_background&quot;:&quot;classic&quot;}\">\n\t\t\t\t\t<div class=\"e-con-inner\">\n\t\t\t\t<div class=\"elementor-element elementor-element-da6f9ac elementor-widget elementor-widget-heading\" data-id=\"da6f9ac\" data-element_type=\"widget\" data-e-type=\"widget\" data-widget_type=\"heading.default\">\n\t\t\t\t\t<h3 class=\"elementor-heading-title elementor-size-default\">Free Consultancy<\/h3>\t\t\t\t<\/div>\n\t\t\t\t<div class=\"elementor-element elementor-element-0bbc361 elementor-widget elementor-widget-text-editor\" data-id=\"0bbc361\" data-element_type=\"widget\" data-e-type=\"widget\" data-widget_type=\"text-editor.default\">\n\t\t\t\t\t\t\t\t\t<p>Contact us<\/p>\t\t\t\t\t\t\t\t<\/div>\n\t\t\t\t<div class=\"elementor-element elementor-element-0c6b422 elementor-align-center elementor-widget__width-inherit elementor-widget elementor-widget-button\" data-id=\"0c6b422\" data-element_type=\"widget\" data-e-type=\"widget\" data-widget_type=\"button.default\">\n\t\t\t\t\t\t\t\t\t\t<a class=\"elementor-button elementor-button-link elementor-size-sm elementor-animation-float\" href=\"#\">\n\t\t\t\t\t\t<span class=\"elementor-button-content-wrapper\">\n\t\t\t\t\t\t<span class=\"elementor-button-icon\">\n\t\t\t\t<svg aria-hidden=\"true\" class=\"e-font-icon-svg e-fas-external-link-alt\" viewbox=\"0 0 512 512\" xmlns=\"http:\/\/www.w3.org\/2000\/svg\"><path d=\"M432,320H400a16,16,0,0,0-16,16V448H64V128H208a16,16,0,0,0,16-16V80a16,16,0,0,0-16-16H48A48,48,0,0,0,0,112V464a48,48,0,0,0,48,48H400a48,48,0,0,0,48-48V336A16,16,0,0,0,432,320ZM488,0h-128c-21.37,0-32.05,25.91-17,41l35.73,35.73L135,320.37a24,24,0,0,0,0,34L157.67,377a24,24,0,0,0,34,0L435.28,133.32,471,169c15,15,41,4.5,41-17V24A24,24,0,0,0,488,0Z\"><\/path><\/svg>\t\t\t<\/span>\n\t\t\t\t\t\t\t\t\t<span class=\"elementor-button-text\">Free appointment<\/span>\n\t\t\t\t\t<\/span>\n\t\t\t\t\t<\/a>\n\t\t\t\t\t\t\t\t<\/div>\n\t\t\t\t\t<\/div>\n\t\t\t\t<\/div>\n\t\t\t\t<\/div>\n\t\t\t\t\t\t<\/div>\n\t\t\t\t\t<\/div>\n\t\t<\/div>\n\t\t\t\t\t<\/div>\n\t\t<\/section>\n\t\t\t\t<\/div>","protected":false},"excerpt":{"rendered":"<p>Di\u015f ta\u015f\u0131 temizli\u011fi, di\u015flerin \u00fczerinde biriken plak ve tartar\u0131n uzman bir di\u015f hekimi taraf\u0131ndan \u00f6zel aletlerle ve tekniklerle temizlenmesini i\u00e7eren \u00f6nemli bir a\u011f\u0131z sa\u011fl\u0131\u011f\u0131 prosed\u00fcr\u00fcd\u00fcr. TEDAV\u0130LER Di\u015f Ta\u015f\u0131 Temizli\u011fi Tedavisi Di\u015f ta\u015f\u0131 temizli\u011fi, di\u015flerin \u00fczerinde biriken plak ve tartar\u0131n uzman bir di\u015f hekimi taraf\u0131ndan \u00f6zel aletlerle ve tekniklerle temizlenmesini i\u00e7eren \u00f6nemli bir a\u011f\u0131z sa\u011fl\u0131\u011f\u0131 prosed\u00fcr\u00fcd\u00fcr. [&hellip;]<\/p>\n","protected":false},"author":1,"featured_media":0,"parent":0,"menu_order":0,"comment_status":"closed","ping_status":"closed","template":"elementor_header_footer","meta":{"footnotes":""},"class_list":["post-339","page","type-page","status-publish","hentry"],"_links":{"self":[{"href":"https:\/\/klinik34.com.tr\/en\/wp-json\/wp\/v2\/pages\/339","targetHints":{"allow":["GET"]}}],"collection":[{"href":"https:\/\/klinik34.com.tr\/en\/wp-json\/wp\/v2\/pages"}],"about":[{"href":"https:\/\/klinik34.com.tr\/en\/wp-json\/wp\/v2\/types\/page"}],"author":[{"embeddable":true,"href":"https:\/\/klinik34.com.tr\/en\/wp-json\/wp\/v2\/users\/1"}],"replies":[{"embeddable":true,"href":"https:\/\/klinik34.com.tr\/en\/wp-json\/wp\/v2\/comments?post=339"}],"version-history":[{"count":0,"href":"https:\/\/klinik34.com.tr\/en\/wp-json\/wp\/v2\/pages\/339\/revisions"}],"wp:attachment":[{"href":"https:\/\/klinik34.com.tr\/en\/wp-json\/wp\/v2\/media?parent=339"}],"curies":[{"name":"wp","href":"https:\/\/api.w.org\/{rel}","templated":true}]}}