{"id":2802,"date":"2026-03-28T13:30:02","date_gmt":"2026-03-28T10:30:02","guid":{"rendered":"https:\/\/klinik34.com.tr\/?page_id=2802"},"modified":"2026-03-29T19:30:30","modified_gmt":"2026-03-29T16:30:30","slug":"dt-cemre-hacioglu","status":"publish","type":"page","link":"https:\/\/klinik34.com.tr\/en\/dt-cemre-hacioglu\/","title":{"rendered":"Dt. Cemre Hac\u0131o\u011flu"},"content":{"rendered":"<div data-elementor-type=\"wp-page\" data-elementor-id=\"2802\" class=\"elementor elementor-2802\" data-elementor-post-type=\"page\">\n\t\t\t\t\t\t<section class=\"elementor-section elementor-top-section elementor-element elementor-element-02780be elementor-section-height-min-height elementor-section-boxed elementor-section-height-default elementor-section-items-middle\" data-id=\"02780be\" data-element_type=\"section\" data-e-type=\"section\" data-settings=\"{&quot;background_background&quot;:&quot;classic&quot;}\">\n\t\t\t\t\t\t\t<div class=\"elementor-background-overlay\"><\/div>\n\t\t\t\t\t\t\t<div class=\"elementor-container elementor-column-gap-default\">\n\t\t\t\t\t<div class=\"elementor-column elementor-col-100 elementor-top-column elementor-element elementor-element-466cd08\" data-id=\"466cd08\" data-element_type=\"column\" data-e-type=\"column\">\n\t\t\t<div class=\"elementor-widget-wrap elementor-element-populated\">\n\t\t\t\t\t\t\t<\/div>\n\t\t<\/div>\n\t\t\t\t\t<\/div>\n\t\t<\/section>\n\t\t<div class=\"elementor-element elementor-element-0627360 e-flex e-con-boxed e-con e-parent\" data-id=\"0627360\" data-element_type=\"container\" data-e-type=\"container\">\n\t\t\t\t\t<div class=\"e-con-inner\">\n\t\t<div class=\"elementor-element elementor-element-3aae70e e-con-full e-flex e-con e-child\" data-id=\"3aae70e\" data-element_type=\"container\" data-e-type=\"container\">\n\t\t\t\t<div class=\"elementor-element elementor-element-3ee32f1 elementor-widget elementor-widget-image\" data-id=\"3ee32f1\" data-element_type=\"widget\" data-e-type=\"widget\" data-widget_type=\"image.default\">\n\t\t\t\t\t\t\t\t\t\t\t\t\t\t\t<img fetchpriority=\"high\" decoding=\"async\" width=\"800\" height=\"534\" src=\"https:\/\/klinik34.com.tr\/wp-content\/uploads\/2026\/03\/Dt_Ceren_Hacioglu-1024x683.jpg\" class=\"attachment-large size-large wp-image-2797\" alt=\"\" srcset=\"https:\/\/klinik34.com.tr\/wp-content\/uploads\/2026\/03\/Dt_Ceren_Hacioglu-1024x683.jpg 1024w, https:\/\/klinik34.com.tr\/wp-content\/uploads\/2026\/03\/Dt_Ceren_Hacioglu-300x200.jpg 300w, https:\/\/klinik34.com.tr\/wp-content\/uploads\/2026\/03\/Dt_Ceren_Hacioglu-768x512.jpg 768w, https:\/\/klinik34.com.tr\/wp-content\/uploads\/2026\/03\/Dt_Ceren_Hacioglu-18x12.jpg 18w, https:\/\/klinik34.com.tr\/wp-content\/uploads\/2026\/03\/Dt_Ceren_Hacioglu.jpg 1200w\" sizes=\"(max-width: 800px) 100vw, 800px\" \/>\t\t\t\t\t\t\t\t\t\t\t\t\t\t\t<\/div>\n\t\t\t\t<div class=\"elementor-element elementor-element-9be142d elementor-widget elementor-widget-elementskit-social-media\" data-id=\"9be142d\" data-element_type=\"widget\" data-e-type=\"widget\" data-widget_type=\"elementskit-social-media.default\">\n\t\t\t\t<div class=\"elementor-widget-container\">\n\t\t\t\t\t<div class=\"ekit-wid-con\" >\t\t\t <ul class=\"ekit_social_media\">\n\t\t\t\t\t\t\t\t\t\t\t\t\t\t<li class=\"elementor-repeater-item-7d69999\">\n\t\t\t\t\t    <a\n\t\t\t\t\t\thref=\"https:\/\/www.facebook.com\/klinik34\/\" aria-label=\"Facebook\" class=\"facebook\" >\n\t\t\t\t\t\t\t\n\t\t\t\t\t\t\t<i aria-hidden=\"true\" class=\"icon icon-facebook\"><\/i>\n                                                                                                            <\/a>\n                    <\/li>\n                    \t\t\t\t\t\t\t\t\t\t\t\t\t\t<li class=\"elementor-repeater-item-e6e4b1a\">\n\t\t\t\t\t    <a\n\t\t\t\t\t\thref=\"https:\/\/www.youtube.com\/c\/Klinik34Org\" aria-label=\"Youtube\" class=\"youtube\" >\n\t\t\t\t\t\t\t\n\t\t\t\t\t\t\t<svg aria-hidden=\"true\" class=\"e-font-icon-svg e-fab-youtube\" viewbox=\"0 0 576 512\" xmlns=\"http:\/\/www.w3.org\/2000\/svg\"><path d=\"M549.655 124.083c-6.281-23.65-24.787-42.276-48.284-48.597C458.781 64 288 64 288 64S117.22 64 74.629 75.486c-23.497 6.322-42.003 24.947-48.284 48.597-11.412 42.867-11.412 132.305-11.412 132.305s0 89.438 11.412 132.305c6.281 23.65 24.787 41.5 48.284 47.821C117.22 448 288 448 288 448s170.78 0 213.371-11.486c23.497-6.321 42.003-24.171 48.284-47.821 11.412-42.867 11.412-132.305 11.412-132.305s0-89.438-11.412-132.305zm-317.51 213.508V175.185l142.739 81.205-142.739 81.201z\"><\/path><\/svg>\n                                                                                                            <\/a>\n                    <\/li>\n                    \t\t\t\t\t\t\t\t\t\t\t\t\t\t<li class=\"elementor-repeater-item-e21c90f\">\n\t\t\t\t\t    <a\n\t\t\t\t\t\thref=\"https:\/\/www.instagram.com\/klinik34istanbul\/\" aria-label=\"Instagram\" class=\"instagram\" >\n\t\t\t\t\t\t\t\n\t\t\t\t\t\t\t<svg aria-hidden=\"true\" class=\"e-font-icon-svg e-fab-instagram\" viewbox=\"0 0 448 512\" xmlns=\"http:\/\/www.w3.org\/2000\/svg\"><path d=\"M224.1 141c-63.6 0-114.9 51.3-114.9 114.9s51.3 114.9 114.9 114.9S339 319.5 339 255.9 287.7 141 224.1 141zm0 189.6c-41.1 0-74.7-33.5-74.7-74.7s33.5-74.7 74.7-74.7 74.7 33.5 74.7 74.7-33.6 74.7-74.7 74.7zm146.4-194.3c0 14.9-12 26.8-26.8 26.8-14.9 0-26.8-12-26.8-26.8s12-26.8 26.8-26.8 26.8 12 26.8 26.8zm76.1 27.2c-1.7-35.9-9.9-67.7-36.2-93.9-26.2-26.2-58-34.4-93.9-36.2-37-2.1-147.9-2.1-184.9 0-35.8 1.7-67.6 9.9-93.9 36.1s-34.4 58-36.2 93.9c-2.1 37-2.1 147.9 0 184.9 1.7 35.9 9.9 67.7 36.2 93.9s58 34.4 93.9 36.2c37 2.1 147.9 2.1 184.9 0 35.9-1.7 67.7-9.9 93.9-36.2 26.2-26.2 34.4-58 36.2-93.9 2.1-37 2.1-147.8 0-184.8zM398.8 388c-7.8 19.6-22.9 34.7-42.6 42.6-29.5 11.7-99.5 9-132.1 9s-102.7 2.6-132.1-9c-19.6-7.8-34.7-22.9-42.6-42.6-11.7-29.5-9-99.5-9-132.1s-2.6-102.7 9-132.1c7.8-19.6 22.9-34.7 42.6-42.6 29.5-11.7 99.5-9 132.1-9s102.7-2.6 132.1 9c19.6 7.8 34.7 22.9 42.6 42.6 11.7 29.5 9 99.5 9 132.1s2.7 102.7-9 132.1z\"><\/path><\/svg>\n                                                                                                            <\/a>\n                    <\/li>\n                    \t\t\t\t\t\t\t<\/ul>\n\t\t<\/div>\t\t\t\t<\/div>\n\t\t\t\t<\/div>\n\t\t\t\t<div class=\"elementor-element elementor-element-41d63ba elementor-align-center elementor-widget elementor-widget-button\" data-id=\"41d63ba\" data-element_type=\"widget\" data-e-type=\"widget\" data-widget_type=\"button.default\">\n\t\t\t\t\t\t\t\t\t\t<a class=\"elementor-button elementor-button-link elementor-size-sm\" href=\"https:\/\/klinik34.com.tr\/en\/contact-2\/\">\n\t\t\t\t\t\t<span class=\"elementor-button-content-wrapper\">\n\t\t\t\t\t\t\t\t\t<span class=\"elementor-button-text\">Make an Appointment<\/span>\n\t\t\t\t\t<\/span>\n\t\t\t\t\t<\/a>\n\t\t\t\t\t\t\t\t<\/div>\n\t\t\t\t<\/div>\n\t\t<div class=\"elementor-element elementor-element-753fe66 e-con-full e-flex e-con e-child\" data-id=\"753fe66\" data-element_type=\"container\" data-e-type=\"container\">\n\t\t\t\t<div class=\"elementor-element elementor-element-967e695 elementor-widget elementor-widget-text-editor\" data-id=\"967e695\" data-element_type=\"widget\" data-e-type=\"widget\" data-widget_type=\"text-editor.default\">\n\t\t\t\t\t\t\t\t\t<div id=\"content\" class=\"site-content\"><div class=\"content-inner\"><div class=\"container content-container\"><div class=\"row content-row\"><div id=\"primary\" class=\"content-area col-12\"><article id=\"post-1650\" class=\"post-1650 doctor type-doctor status-publish has-post-thumbnail hentry\"><div class=\"single-doctor-inner\"><div class=\"row\"><div class=\"single-doctor-body col-md-6 col-lg-6 col-xl-6\"><h2 class=\"single-doctor-title\">Dt. Cemre Hac\u0131o\u011flu\u00a0<\/h2><div class=\"single-doctor-position\">GENEL D\u0130\u015e TEDAV\u0130LER\u0130<\/div><\/div><div><p class=\"p1\"><b>Dt. Cemre Hac\u0131o\u011flu Kimdir?\u00a0<\/b><\/p><p class=\"p1\"><b>Genel Di\u015f Tedavileri<\/b><b><\/b><\/p><p class=\"p2\">Dt. Cemre Hac\u0131o\u011flu, Eski\u015fehir Osmangazi \u00dcniversitesi Di\u015f Hekimli\u011fi Fak\u00fcltesi\u2019nden mezun olmu\u015f olup, mesleki kariyerini \u00f6zellikle klinik uygulamalar ve dijital di\u015f hekimli\u011fi alanlar\u0131nda geli\u015ftirmeye odaklam\u0131\u015ft\u0131r. Hasta memnuniyetini \u00f6n planda tutan yakla\u015f\u0131m\u0131, disiplinli \u00e7al\u0131\u015fma prensibi ve s\u00fcrekli \u00f6\u011frenmeye a\u00e7\u0131k yap\u0131s\u0131yla dikkat \u00e7eken Hac\u0131o\u011flu, g\u00fcncel tedavi y\u00f6ntemlerini yak\u0131ndan takip etmektedir.<\/p><p class=\"p2\"><b>Uzmanl\u0131k Alan\u0131<\/b><\/p><p class=\"p2\">Mesleki prati\u011finde; anterior ve posterior dolgu uygulamalar\u0131, di\u015f beyazlatma (bleaching), vital pulpa tedavileri, kanal tedavisi ve retreatment i\u015flemleri gibi bir\u00e7ok alanda aktif olarak hizmet vermektedir. Ayr\u0131ca s\u00fct di\u015flerinde amputasyon, \u00e7ekim ve yer tutucu uygulamalar\u0131 gibi pedodontik i\u015flemler, detertraj ve k\u00fcretaj gibi periodontal tedaviler, di\u015f \u00e7ekimleri ve sabit-hareketli protez uygulamalar\u0131 da uzmanl\u0131k alanlar\u0131 aras\u0131ndad\u0131r. \u0130mplant \u00fcst\u00fc protezler konusunda da klinik deneyime sahiptir.<\/p><p class=\"p2\">Dt. Hac\u0131o\u011flu, ayn\u0131 zamanda di\u015f hekimli\u011finde yapay zek\u00e2 destekli tan\u0131 s\u00fcre\u00e7lerine katk\u0131 sa\u011flayan CranioCatch \u015firketinde g\u00f6rev almakta; 2D ve 3D radyografik g\u00f6r\u00fcnt\u00fclerin analiz edilmesi ve yapay zek\u00e2 modellerinin geli\u015ftirilmesi s\u00fcre\u00e7lerinde aktif rol \u00fcstlenmektedir. Bu y\u00f6n\u00fcyle, dijital di\u015f hekimli\u011fi alan\u0131ndaki geli\u015fmeleri yak\u0131ndan takip eden ve uygulayan gen\u00e7 hekimler aras\u0131nda yer almaktad\u0131r.<\/p><p class=\"p2\">Aral\u0131k 2025 itibar\u0131yla Klinik 34 A\u011f\u0131z ve Di\u015f Poliklini\u011fi b\u00fcnyesinde hasta kabul\u00fcne devam eden Dt. Cemre Hac\u0131o\u011flu, mesleki geli\u015fimini ulusal kongre ve e\u011fitimlerle desteklemektedir. 2025 y\u0131l\u0131nda d\u00fczenlenen 14. Ulusal TDB Kongresi\u2019ne kat\u0131l\u0131m sa\u011flam\u0131\u015ft\u0131r.<\/p><\/div><\/div><\/div><\/article><\/div><\/div><\/div><\/div><\/div>\t\t\t\t\t\t\t\t<\/div>\n\t\t\t\t<\/div>\n\t\t\t\t\t<\/div>\n\t\t\t\t<\/div>\n\t\t\t\t<\/div>","protected":false},"excerpt":{"rendered":"<p>Randevu Al Dt. Cemre Hac\u0131o\u011flu\u00a0 GENEL D\u0130\u015e TEDAV\u0130LER\u0130 Dt. Cemre Hac\u0131o\u011flu Kimdir?\u00a0 Genel Di\u015f Tedavileri Dt. Cemre Hac\u0131o\u011flu, Eski\u015fehir Osmangazi \u00dcniversitesi Di\u015f Hekimli\u011fi Fak\u00fcltesi\u2019nden mezun olmu\u015f olup, mesleki kariyerini \u00f6zellikle klinik uygulamalar ve dijital di\u015f hekimli\u011fi alanlar\u0131nda geli\u015ftirmeye odaklam\u0131\u015ft\u0131r. Hasta memnuniyetini \u00f6n planda tutan yakla\u015f\u0131m\u0131, disiplinli \u00e7al\u0131\u015fma prensibi ve s\u00fcrekli \u00f6\u011frenmeye a\u00e7\u0131k yap\u0131s\u0131yla dikkat \u00e7eken [&hellip;]<\/p>\n","protected":false},"author":1,"featured_media":0,"parent":0,"menu_order":0,"comment_status":"closed","ping_status":"closed","template":"elementor_header_footer","meta":{"footnotes":""},"class_list":["post-2802","page","type-page","status-publish","hentry"],"_links":{"self":[{"href":"https:\/\/klinik34.com.tr\/en\/wp-json\/wp\/v2\/pages\/2802","targetHints":{"allow":["GET"]}}],"collection":[{"href":"https:\/\/klinik34.com.tr\/en\/wp-json\/wp\/v2\/pages"}],"about":[{"href":"https:\/\/klinik34.com.tr\/en\/wp-json\/wp\/v2\/types\/page"}],"author":[{"embeddable":true,"href":"https:\/\/klinik34.com.tr\/en\/wp-json\/wp\/v2\/users\/1"}],"replies":[{"embeddable":true,"href":"https:\/\/klinik34.com.tr\/en\/wp-json\/wp\/v2\/comments?post=2802"}],"version-history":[{"count":21,"href":"https:\/\/klinik34.com.tr\/en\/wp-json\/wp\/v2\/pages\/2802\/revisions"}],"predecessor-version":[{"id":2844,"href":"https:\/\/klinik34.com.tr\/en\/wp-json\/wp\/v2\/pages\/2802\/revisions\/2844"}],"wp:attachment":[{"href":"https:\/\/klinik34.com.tr\/en\/wp-json\/wp\/v2\/media?parent=2802"}],"curies":[{"name":"wp","href":"https:\/\/api.w.org\/{rel}","templated":true}]}}