{"id":1276,"date":"2025-03-21T00:26:19","date_gmt":"2025-03-20T21:26:19","guid":{"rendered":"https:\/\/klinik34.com.tr\/?page_id=1276"},"modified":"2026-03-29T19:30:17","modified_gmt":"2026-03-29T16:30:17","slug":"dt-seher-pelda-bicer","status":"publish","type":"page","link":"https:\/\/klinik34.com.tr\/en\/dt-seher-pelda-bicer\/","title":{"rendered":"Dt. Seher Pelda Bicer\u00a0"},"content":{"rendered":"<div data-elementor-type=\"wp-page\" data-elementor-id=\"1276\" class=\"elementor elementor-1276\" data-elementor-post-type=\"page\">\n\t\t\t\t\t\t<section class=\"elementor-section elementor-top-section elementor-element elementor-element-8d8c05a elementor-section-height-min-height elementor-section-boxed elementor-section-height-default elementor-section-items-middle\" data-id=\"8d8c05a\" data-element_type=\"section\" data-e-type=\"section\" data-settings=\"{&quot;background_background&quot;:&quot;classic&quot;}\">\n\t\t\t\t\t\t\t<div class=\"elementor-background-overlay\"><\/div>\n\t\t\t\t\t\t\t<div class=\"elementor-container elementor-column-gap-default\">\n\t\t\t\t\t<div class=\"elementor-column elementor-col-100 elementor-top-column elementor-element elementor-element-048c373\" data-id=\"048c373\" data-element_type=\"column\" data-e-type=\"column\">\n\t\t\t<div class=\"elementor-widget-wrap elementor-element-populated\">\n\t\t\t\t\t\t\t<\/div>\n\t\t<\/div>\n\t\t\t\t\t<\/div>\n\t\t<\/section>\n\t\t<div class=\"elementor-element elementor-element-52ac3a3 e-flex e-con-boxed e-con e-parent\" data-id=\"52ac3a3\" data-element_type=\"container\" data-e-type=\"container\">\n\t\t\t\t\t<div class=\"e-con-inner\">\n\t\t<div class=\"elementor-element elementor-element-43e21ac e-con-full e-flex e-con e-child\" data-id=\"43e21ac\" data-element_type=\"container\" data-e-type=\"container\">\n\t\t\t\t<div class=\"elementor-element elementor-element-9aa7d51 elementor-widget elementor-widget-image\" data-id=\"9aa7d51\" data-element_type=\"widget\" data-e-type=\"widget\" data-widget_type=\"image.default\">\n\t\t\t\t\t\t\t\t\t\t\t\t\t\t\t<img fetchpriority=\"high\" decoding=\"async\" width=\"800\" height=\"534\" src=\"https:\/\/klinik34.com.tr\/wp-content\/uploads\/2025\/03\/DtSeherPeldaBicer-1024x683.jpg\" class=\"attachment-large size-large wp-image-1267\" alt=\"\" srcset=\"https:\/\/klinik34.com.tr\/wp-content\/uploads\/2025\/03\/DtSeherPeldaBicer-1024x683.jpg 1024w, https:\/\/klinik34.com.tr\/wp-content\/uploads\/2025\/03\/DtSeherPeldaBicer-300x200.jpg 300w, https:\/\/klinik34.com.tr\/wp-content\/uploads\/2025\/03\/DtSeherPeldaBicer-768x512.jpg 768w, https:\/\/klinik34.com.tr\/wp-content\/uploads\/2025\/03\/DtSeherPeldaBicer.jpg 1200w\" sizes=\"(max-width: 800px) 100vw, 800px\" \/>\t\t\t\t\t\t\t\t\t\t\t\t\t\t\t<\/div>\n\t\t\t\t<div class=\"elementor-element elementor-element-d4287c1 elementor-widget elementor-widget-elementskit-social-media\" data-id=\"d4287c1\" data-element_type=\"widget\" data-e-type=\"widget\" data-widget_type=\"elementskit-social-media.default\">\n\t\t\t\t<div class=\"elementor-widget-container\">\n\t\t\t\t\t<div class=\"ekit-wid-con\" >\t\t\t <ul class=\"ekit_social_media\">\n\t\t\t\t\t\t\t\t\t\t\t\t\t\t<li class=\"elementor-repeater-item-7d69999\">\n\t\t\t\t\t    <a\n\t\t\t\t\t\thref=\"https:\/\/www.facebook.com\/klinik34\/\" aria-label=\"Facebook\" class=\"facebook\" >\n\t\t\t\t\t\t\t\n\t\t\t\t\t\t\t<i aria-hidden=\"true\" class=\"icon icon-facebook\"><\/i>\n                                                                                                            <\/a>\n                    <\/li>\n                    \t\t\t\t\t\t\t\t\t\t\t\t\t\t<li class=\"elementor-repeater-item-e6e4b1a\">\n\t\t\t\t\t    <a\n\t\t\t\t\t\thref=\"https:\/\/www.youtube.com\/c\/Klinik34Org\" aria-label=\"Youtube\" class=\"youtube\" >\n\t\t\t\t\t\t\t\n\t\t\t\t\t\t\t<svg aria-hidden=\"true\" class=\"e-font-icon-svg e-fab-youtube\" viewbox=\"0 0 576 512\" xmlns=\"http:\/\/www.w3.org\/2000\/svg\"><path d=\"M549.655 124.083c-6.281-23.65-24.787-42.276-48.284-48.597C458.781 64 288 64 288 64S117.22 64 74.629 75.486c-23.497 6.322-42.003 24.947-48.284 48.597-11.412 42.867-11.412 132.305-11.412 132.305s0 89.438 11.412 132.305c6.281 23.65 24.787 41.5 48.284 47.821C117.22 448 288 448 288 448s170.78 0 213.371-11.486c23.497-6.321 42.003-24.171 48.284-47.821 11.412-42.867 11.412-132.305 11.412-132.305s0-89.438-11.412-132.305zm-317.51 213.508V175.185l142.739 81.205-142.739 81.201z\"><\/path><\/svg>\n                                                                                                            <\/a>\n                    <\/li>\n                    \t\t\t\t\t\t\t\t\t\t\t\t\t\t<li class=\"elementor-repeater-item-e21c90f\">\n\t\t\t\t\t    <a\n\t\t\t\t\t\thref=\"https:\/\/www.instagram.com\/klinik34istanbul\/\" aria-label=\"Instagram\" class=\"instagram\" >\n\t\t\t\t\t\t\t\n\t\t\t\t\t\t\t<svg aria-hidden=\"true\" class=\"e-font-icon-svg e-fab-instagram\" viewbox=\"0 0 448 512\" xmlns=\"http:\/\/www.w3.org\/2000\/svg\"><path d=\"M224.1 141c-63.6 0-114.9 51.3-114.9 114.9s51.3 114.9 114.9 114.9S339 319.5 339 255.9 287.7 141 224.1 141zm0 189.6c-41.1 0-74.7-33.5-74.7-74.7s33.5-74.7 74.7-74.7 74.7 33.5 74.7 74.7-33.6 74.7-74.7 74.7zm146.4-194.3c0 14.9-12 26.8-26.8 26.8-14.9 0-26.8-12-26.8-26.8s12-26.8 26.8-26.8 26.8 12 26.8 26.8zm76.1 27.2c-1.7-35.9-9.9-67.7-36.2-93.9-26.2-26.2-58-34.4-93.9-36.2-37-2.1-147.9-2.1-184.9 0-35.8 1.7-67.6 9.9-93.9 36.1s-34.4 58-36.2 93.9c-2.1 37-2.1 147.9 0 184.9 1.7 35.9 9.9 67.7 36.2 93.9s58 34.4 93.9 36.2c37 2.1 147.9 2.1 184.9 0 35.9-1.7 67.7-9.9 93.9-36.2 26.2-26.2 34.4-58 36.2-93.9 2.1-37 2.1-147.8 0-184.8zM398.8 388c-7.8 19.6-22.9 34.7-42.6 42.6-29.5 11.7-99.5 9-132.1 9s-102.7 2.6-132.1-9c-19.6-7.8-34.7-22.9-42.6-42.6-11.7-29.5-9-99.5-9-132.1s-2.6-102.7 9-132.1c7.8-19.6 22.9-34.7 42.6-42.6 29.5-11.7 99.5-9 132.1-9s102.7-2.6 132.1 9c19.6 7.8 34.7 22.9 42.6 42.6 11.7 29.5 9 99.5 9 132.1s2.7 102.7-9 132.1z\"><\/path><\/svg>\n                                                                                                            <\/a>\n                    <\/li>\n                    \t\t\t\t\t\t\t<\/ul>\n\t\t<\/div>\t\t\t\t<\/div>\n\t\t\t\t<\/div>\n\t\t\t\t<div class=\"elementor-element elementor-element-437f3c1 elementor-align-center elementor-widget elementor-widget-button\" data-id=\"437f3c1\" data-element_type=\"widget\" data-e-type=\"widget\" data-widget_type=\"button.default\">\n\t\t\t\t\t\t\t\t\t\t<a class=\"elementor-button elementor-button-link elementor-size-sm\" href=\"https:\/\/klinik34.com.tr\/en\/contact-2\/\">\n\t\t\t\t\t\t<span class=\"elementor-button-content-wrapper\">\n\t\t\t\t\t\t\t\t\t<span class=\"elementor-button-text\">Make an Appointment<\/span>\n\t\t\t\t\t<\/span>\n\t\t\t\t\t<\/a>\n\t\t\t\t\t\t\t\t<\/div>\n\t\t\t\t<\/div>\n\t\t<div class=\"elementor-element elementor-element-50486f8 e-con-full e-flex e-con e-child\" data-id=\"50486f8\" data-element_type=\"container\" data-e-type=\"container\">\n\t\t\t\t<div class=\"elementor-element elementor-element-82ce872 elementor-widget elementor-widget-text-editor\" data-id=\"82ce872\" data-element_type=\"widget\" data-e-type=\"widget\" data-widget_type=\"text-editor.default\">\n\t\t\t\t\t\t\t\t\t<div id=\"content\" class=\"site-content\"><div class=\"content-inner\"><div class=\"container content-container\"><div class=\"row content-row\"><div id=\"primary\" class=\"content-area col-12\"><article id=\"post-1650\" class=\"post-1650 doctor type-doctor status-publish has-post-thumbnail hentry\"><div class=\"single-doctor-inner\"><div class=\"row\"><div class=\"single-doctor-body col-md-6 col-lg-6 col-xl-6\"><h2 class=\"single-doctor-title\">Dt. Pelda Bicer<\/h2><div class=\"single-doctor-position\">ROOT CANAL TREATMENT SPECIALIST<\/div><\/div><\/div><\/div><\/article><p class=\"p1\"><b>Dt. Seher Pelda Bi\u00e7er \u2013 Endodonti Uzman\u0131 Kimdir?<\/b><b><\/b><\/p><p class=\"p2\">1997\u2019de Diyarbak\u0131r\u2019da do\u011fdu. Diyarbak\u0131r Ortado\u011fu Fen Lisesi\u2019nden mezun olduktan sonra Alt\u0131nba\u015f \u00dcniversitesi Di\u015f Hekimli\u011fi Fak\u00fcltesi\u2019nde e\u011fitimine devam edip 2022 y\u0131l\u0131nda mezun oldu. 2023 y\u0131l\u0131nda Sa\u011fl\u0131k Bilimleri \u00dcniversitesi Di\u015f Hekimli\u011fi Fak\u00fcltesi Endodonti Anabilim Dal\u0131\u2019nda doktora e\u011fitimine ba\u015flam\u0131\u015f olup hala devam etmektedir. Endodonti alan\u0131nda \u00e7ok say\u0131da poster ve s\u00f6zl\u00fc bildirileri bulunmaktad\u0131r. 2022 y\u0131l\u0131ndan beri \u00f6zel kliniklerde aktif olarak \u00e7al\u0131\u015fmakta olup, Klinik 34 b\u00fcnyesinde hastalar\u0131na hizmet vermeye devam etmektedir.<\/p><p class=\"p2\"><b>Academic Studies <\/b><\/p><p class=\"p2\">Bi\u00e7er SP, Uysal BA. Comparison of Canal Shaping and Transportation Between the Protaper Next and Protaper Ultimate in Simulated Double-curved Canals. ADO Klinik Bilimler Dergisi. 01 Ocak 2026;15(1):47-54.<\/p><p class=\"p2\">Bi\u00e7er SP, Aslan E, Uysal BA, (2025). Shear Bond Strength Between Flowable Composites And Bioceramic Canal Sealer . 16. Uluslararas\u0131 T\u00fcrk Endodonti Derne\u011fi Kongresi.<\/p><p class=\"p2\">Aslan E, Bi\u00e7er SP, Uysal BA. (2025). Shear Bond Strengths Between Bioceramic Sealers And Glass Ionomer Cement. 16. Uluslararas\u0131 T\u00fcrk Endodonti Derne\u011fi Kongresi.<\/p><p class=\"p2\">Bi\u00e7er SP, Uysal BA. (2024). ProTaper Next ve ProTaper Ultimate E\u011felerinin \u00c7ift Kurvat\u00fcrl\u00fc \u015eeffaf Bloklarda \u015eekillendirme Ve Transportasyon Miktarlar\u0131n\u0131n Kar\u015f\u0131la\u015ft\u0131r\u0131lmas\u0131. &#8220;Gen\u00e7 Endodontistler Konu\u015fuyor&#8221; Sempozyumu.<\/p><p class=\"p2\">Bi\u00e7er SP, Uysal BA Tdb Kongreleri \u0307nde Son 20 Yilda Endodonti \u0307 Konularinin Geli\u015fimi ve E\u011filimleri. 28.Uluslararas\u0131 Di\u015f Hekimli\u011fi Kongresi.<\/p><p class=\"p2\">Bi\u00e7er SP, Uysal BA. Renklenmi\u015f Di\u015fte MTA ve Intrakoronal Beyazlatma ile Tedavi Yakla\u015f\u0131m\u0131: Vaka Sunumu. 28.Uluslararas\u0131 Di\u015f Hekimli\u011fi Kongresi<\/p><p class=\"p2\">Bi\u00e7er SP, \u015eirin DA, Geni\u015f Periapikal Lezyonlu Di\u015fin Endodontik Tedavisi: Vaka Sunumu. 16.Uluslararas\u0131 T\u00fcrk Endodonti Derne\u011fi Kongresi.<\/p><p class=\"p2\"><b>Areas of Expertise<\/b><\/p><p class=\"p2\">K\u00f6k kanal tedavisi, kanal tedavilerinin yenilenmesi (retreatment) , lezyonlu di\u015fler, rejeneratif endodonti, dental travma, kanal i\u00e7i beyazlatma<\/p><\/div><\/div><\/div><\/div><\/div>\t\t\t\t\t\t\t\t<\/div>\n\t\t\t\t<\/div>\n\t\t\t\t\t<\/div>\n\t\t\t\t<\/div>\n\t\t\t\t<\/div>","protected":false},"excerpt":{"rendered":"<p>Randevu Al Dt. Pelda Bi\u00e7er KANAL TEDAV\u0130S\u0130 UZMANI Dt. Seher Pelda Bi\u00e7er \u2013 Endodonti Uzman\u0131 Kimdir? 1997\u2019de Diyarbak\u0131r\u2019da do\u011fdu. Diyarbak\u0131r Ortado\u011fu Fen Lisesi\u2019nden mezun olduktan sonra Alt\u0131nba\u015f \u00dcniversitesi Di\u015f Hekimli\u011fi Fak\u00fcltesi\u2019nde e\u011fitimine devam edip 2022 y\u0131l\u0131nda mezun oldu. 2023 y\u0131l\u0131nda Sa\u011fl\u0131k Bilimleri \u00dcniversitesi Di\u015f Hekimli\u011fi Fak\u00fcltesi Endodonti Anabilim Dal\u0131\u2019nda doktora e\u011fitimine ba\u015flam\u0131\u015f olup hala devam [&hellip;]<\/p>\n","protected":false},"author":1,"featured_media":0,"parent":0,"menu_order":0,"comment_status":"closed","ping_status":"closed","template":"elementor_header_footer","meta":{"footnotes":""},"class_list":["post-1276","page","type-page","status-publish","hentry"],"_links":{"self":[{"href":"https:\/\/klinik34.com.tr\/en\/wp-json\/wp\/v2\/pages\/1276","targetHints":{"allow":["GET"]}}],"collection":[{"href":"https:\/\/klinik34.com.tr\/en\/wp-json\/wp\/v2\/pages"}],"about":[{"href":"https:\/\/klinik34.com.tr\/en\/wp-json\/wp\/v2\/types\/page"}],"author":[{"embeddable":true,"href":"https:\/\/klinik34.com.tr\/en\/wp-json\/wp\/v2\/users\/1"}],"replies":[{"embeddable":true,"href":"https:\/\/klinik34.com.tr\/en\/wp-json\/wp\/v2\/comments?post=1276"}],"version-history":[{"count":9,"href":"https:\/\/klinik34.com.tr\/en\/wp-json\/wp\/v2\/pages\/1276\/revisions"}],"predecessor-version":[{"id":2841,"href":"https:\/\/klinik34.com.tr\/en\/wp-json\/wp\/v2\/pages\/1276\/revisions\/2841"}],"wp:attachment":[{"href":"https:\/\/klinik34.com.tr\/en\/wp-json\/wp\/v2\/media?parent=1276"}],"curies":[{"name":"wp","href":"https:\/\/api.w.org\/{rel}","templated":true}]}}