{"id":1135,"date":"2025-03-02T14:30:35","date_gmt":"2025-03-02T11:30:35","guid":{"rendered":"https:\/\/klinik34.com.tr\/?page_id=1135"},"modified":"2025-03-02T14:40:36","modified_gmt":"2025-03-02T11:40:36","slug":"frequently-asked-questions","status":"publish","type":"page","link":"https:\/\/klinik34.com.tr\/en\/sikca-sorulan-sorular\/","title":{"rendered":"Frequently Asked Questions"},"content":{"rendered":"<div data-elementor-type=\"wp-page\" data-elementor-id=\"1135\" class=\"elementor elementor-1135\" data-elementor-post-type=\"page\">\n\t\t\t\t\t\t<section class=\"elementor-section elementor-top-section elementor-element elementor-element-0ff3ba6 elementor-section-height-min-height elementor-section-boxed elementor-section-height-default elementor-section-items-middle\" data-id=\"0ff3ba6\" data-element_type=\"section\" data-e-type=\"section\" data-settings=\"{&quot;background_background&quot;:&quot;classic&quot;}\">\n\t\t\t\t\t\t\t<div class=\"elementor-background-overlay\"><\/div>\n\t\t\t\t\t\t\t<div class=\"elementor-container elementor-column-gap-default\">\n\t\t\t\t\t<div class=\"elementor-column elementor-col-100 elementor-top-column elementor-element elementor-element-7a0aafd\" data-id=\"7a0aafd\" data-element_type=\"column\" data-e-type=\"column\">\n\t\t\t<div class=\"elementor-widget-wrap elementor-element-populated\">\n\t\t\t\t\t\t<div class=\"elementor-element elementor-element-568aa84 elementor-widget elementor-widget-heading\" data-id=\"568aa84\" data-element_type=\"widget\" data-e-type=\"widget\" data-widget_type=\"heading.default\">\n\t\t\t\t\t<h1 class=\"elementor-heading-title elementor-size-default\">Frequently Asked Questions<\/h1>\t\t\t\t<\/div>\n\t\t\t\t\t<\/div>\n\t\t<\/div>\n\t\t\t\t\t<\/div>\n\t\t<\/section>\n\t\t<div class=\"elementor-element elementor-element-57612d6 e-flex e-con-boxed e-con e-parent\" data-id=\"57612d6\" data-element_type=\"container\" data-e-type=\"container\">\n\t\t\t\t\t<div class=\"e-con-inner\">\n\t\t\t\t<div class=\"elementor-element elementor-element-aed7277 elementor-widget elementor-widget-elementskit-accordion\" data-id=\"aed7277\" data-element_type=\"widget\" data-e-type=\"widget\" data-widget_type=\"elementskit-accordion.default\">\n\t\t\t\t\t<div class=\"ekit-wid-con\" >\n        <div class=\"elementskit-accordion accoedion-primary\" id=\"accordion-69d221f4e3917\">\n\n            \n                <div class=\"elementskit-card active\">\n                    <div class=\"elementskit-card-header\" id=\"primaryHeading-0-aed7277\">\n                        <a href=\"#collapse-cfac8a469d221f4e3917\" class=\"ekit-accordion--toggler elementskit-btn-link collapsed\" data-ekit-toggle=\"collapse\" data-target=\"#Collapse-cfac8a469d221f4e3917\" aria-expanded=\"true\" aria-controls=\"Collapse-cfac8a469d221f4e3917\">\n                            \n                            <span class=\"ekit-accordion-title\">How is teeth whitening done and how long does it take?<\/span>\n\n                            \n                                <div class=\"ekit_accordion_icon_group\">\n                                    <div class=\"ekit_accordion_normal_icon\">\n                                        <!-- Normal Icon -->\n\t\t\t\t\t\t\t\t\t\t<i class=\"icon icon-down-arrow1\"><\/i>                                    <\/div>\n\n                                    <div class=\"ekit_accordion_active_icon\">\n                                        <!-- Active Icon -->\n\t\t\t\t\t\t\t\t\t\t<i class=\"icon icon-up-arrow\"><\/i>                                    <\/div>\n                                <\/div>\n\n                            \n                                                    <\/a>\n                    <\/div>\n\n                    <div id=\"Collapse-cfac8a469d221f4e3917\" class=\"show collapse\" aria-labelledby=\"primaryHeading-0-aed7277\" data-parent=\"#accordion-69d221f4e3917\">\n\n                        <div class=\"elementskit-card-body ekit-accordion--content\">\n                            <p>Teeth whitening is done with a special gel and laser or LED light. It usually takes about an hour and results can be obtained in a single session. However, depending on the current condition of the teeth and the desired level of whiteness, more than one session may be required.<\/p>                        <\/div>\n\n                    <\/div>\n\n                <\/div><!-- .elementskit-card END -->\n\n                \n                <div class=\"elementskit-card\">\n                    <div class=\"elementskit-card-header\" id=\"primaryHeading-1-aed7277\">\n                        <a href=\"#collapse-0f7bf8d69d221f4e3917\" class=\"ekit-accordion--toggler elementskit-btn-link collapsed\" data-ekit-toggle=\"collapse\" data-target=\"#Collapse-0f7bf8d69d221f4e3917\" aria-expanded=\"false\" aria-controls=\"Collapse-0f7bf8d69d221f4e3917\">\n                            \n                            <span class=\"ekit-accordion-title\">Who is implant treatment suitable for?<\/span>\n\n                            \n                                <div class=\"ekit_accordion_icon_group\">\n                                    <div class=\"ekit_accordion_normal_icon\">\n                                        <!-- Normal Icon -->\n\t\t\t\t\t\t\t\t\t\t<i class=\"icon icon-down-arrow1\"><\/i>                                    <\/div>\n\n                                    <div class=\"ekit_accordion_active_icon\">\n                                        <!-- Active Icon -->\n\t\t\t\t\t\t\t\t\t\t<i class=\"icon icon-up-arrow\"><\/i>                                    <\/div>\n                                <\/div>\n\n                            \n                                                    <\/a>\n                    <\/div>\n\n                    <div id=\"Collapse-0f7bf8d69d221f4e3917\" class=\"collapse\" aria-labelledby=\"primaryHeading-1-aed7277\" data-parent=\"#accordion-69d221f4e3917\">\n\n                        <div class=\"elementskit-card-body ekit-accordion--content\">\n                            <p>Implant treatment is suitable for everyone who is in good general health and whose jawbone is of sufficient thickness and height. Patients who have lost teeth, do not want to use dentures or want fixed teeth may prefer implant treatment.<\/p>                        <\/div>\n\n                    <\/div>\n\n                <\/div><!-- .elementskit-card END -->\n\n                \n                <div class=\"elementskit-card\">\n                    <div class=\"elementskit-card-header\" id=\"primaryHeading-2-aed7277\">\n                        <a href=\"#collapse-7dcdb5769d221f4e3917\" class=\"ekit-accordion--toggler elementskit-btn-link collapsed\" data-ekit-toggle=\"collapse\" data-target=\"#Collapse-7dcdb5769d221f4e3917\" aria-expanded=\"false\" aria-controls=\"Collapse-7dcdb5769d221f4e3917\">\n                            \n                            <span class=\"ekit-accordion-title\">Is there an age limit for getting braces?<\/span>\n\n                            \n                                <div class=\"ekit_accordion_icon_group\">\n                                    <div class=\"ekit_accordion_normal_icon\">\n                                        <!-- Normal Icon -->\n\t\t\t\t\t\t\t\t\t\t<i class=\"icon icon-down-arrow1\"><\/i>                                    <\/div>\n\n                                    <div class=\"ekit_accordion_active_icon\">\n                                        <!-- Active Icon -->\n\t\t\t\t\t\t\t\t\t\t<i class=\"icon icon-up-arrow\"><\/i>                                    <\/div>\n                                <\/div>\n\n                            \n                                                    <\/a>\n                    <\/div>\n\n                    <div id=\"Collapse-7dcdb5769d221f4e3917\" class=\"collapse\" aria-labelledby=\"primaryHeading-2-aed7277\" data-parent=\"#accordion-69d221f4e3917\">\n\n                        <div class=\"elementskit-card-body ekit-accordion--content\">\n                            <p>Braces can be applied in all age groups. However, the treatment process tends to be shorter in children and teenagers because the bones are still developing. It is also successfully used in adults, but the treatment time may be slightly longer.<\/p>                        <\/div>\n\n                    <\/div>\n\n                <\/div><!-- .elementskit-card END -->\n\n                \n                <div class=\"elementskit-card\">\n                    <div class=\"elementskit-card-header\" id=\"primaryHeading-3-aed7277\">\n                        <a href=\"#collapse-8d9c8d869d221f4e3917\" class=\"ekit-accordion--toggler elementskit-btn-link collapsed\" data-ekit-toggle=\"collapse\" data-target=\"#Collapse-8d9c8d869d221f4e3917\" aria-expanded=\"false\" aria-controls=\"Collapse-8d9c8d869d221f4e3917\">\n                            \n                            <span class=\"ekit-accordion-title\">Why should teeth cleaning be done regularly?<\/span>\n\n                            \n                                <div class=\"ekit_accordion_icon_group\">\n                                    <div class=\"ekit_accordion_normal_icon\">\n                                        <!-- Normal Icon -->\n\t\t\t\t\t\t\t\t\t\t<i class=\"icon icon-down-arrow1\"><\/i>                                    <\/div>\n\n                                    <div class=\"ekit_accordion_active_icon\">\n                                        <!-- Active Icon -->\n\t\t\t\t\t\t\t\t\t\t<i class=\"icon icon-up-arrow\"><\/i>                                    <\/div>\n                                <\/div>\n\n                            \n                                                    <\/a>\n                    <\/div>\n\n                    <div id=\"Collapse-8d9c8d869d221f4e3917\" class=\"collapse\" aria-labelledby=\"primaryHeading-3-aed7277\" data-parent=\"#accordion-69d221f4e3917\">\n\n                        <div class=\"elementskit-card-body ekit-accordion--content\">\n                            <p>Regular teeth cleaning helps prevent gum disease and cavities. Plaque that accumulates on the teeth hardens over time and forms tartar, which can cause gingivitis. Teeth cleaning should be done at least 2 times a year.<\/p>                        <\/div>\n\n                    <\/div>\n\n                <\/div><!-- .elementskit-card END -->\n\n                \n                <div class=\"elementskit-card\">\n                    <div class=\"elementskit-card-header\" id=\"primaryHeading-4-aed7277\">\n                        <a href=\"#collapse-1babc9669d221f4e3917\" class=\"ekit-accordion--toggler elementskit-btn-link collapsed\" data-ekit-toggle=\"collapse\" data-target=\"#Collapse-1babc9669d221f4e3917\" aria-expanded=\"false\" aria-controls=\"Collapse-1babc9669d221f4e3917\">\n                            \n                            <span class=\"ekit-accordion-title\">Is root canal treatment painful?<\/span>\n\n                            \n                                <div class=\"ekit_accordion_icon_group\">\n                                    <div class=\"ekit_accordion_normal_icon\">\n                                        <!-- Normal Icon -->\n\t\t\t\t\t\t\t\t\t\t<i class=\"icon icon-down-arrow1\"><\/i>                                    <\/div>\n\n                                    <div class=\"ekit_accordion_active_icon\">\n                                        <!-- Active Icon -->\n\t\t\t\t\t\t\t\t\t\t<i class=\"icon icon-up-arrow\"><\/i>                                    <\/div>\n                                <\/div>\n\n                            \n                                                    <\/a>\n                    <\/div>\n\n                    <div id=\"Collapse-1babc9669d221f4e3917\" class=\"collapse\" aria-labelledby=\"primaryHeading-4-aed7277\" data-parent=\"#accordion-69d221f4e3917\">\n\n                        <div class=\"elementskit-card-body ekit-accordion--content\">\n                            <p>Root canal treatment is performed under local anesthesia, so you will not feel pain during the procedure. There may be a slight tenderness after the treatment, but this usually goes away within a few days.<\/p>                        <\/div>\n\n                    <\/div>\n\n                <\/div><!-- .elementskit-card END -->\n\n                                        <\/div>\n    <\/div>\t\t\t\t<\/div>\n\t\t\t\t\t<\/div>\n\t\t\t\t<\/div>\n\t\t\t\t<\/div>","protected":false},"excerpt":{"rendered":"<p>S\u0131k\u00e7a Sorulan Sorular Di\u015f beyazlatma i\u015flemi nas\u0131l yap\u0131l\u0131r ve ne kadar s\u00fcrer? Di\u015f beyazlatma i\u015flemi, \u00f6zel bir jel ve lazer ya da LED \u0131\u015f\u0131k yard\u0131m\u0131yla yap\u0131l\u0131r. Genellikle bir saat kadar s\u00fcrer ve tek seansla sonu\u00e7 al\u0131nabilir. Ancak, di\u015flerin mevcut durumu ve istenen beyazl\u0131k seviyesine g\u00f6re birden fazla seans gerekebilir. \u0130mplant tedavisi kimler i\u00e7in uygundur? \u0130mplant [&hellip;]<\/p>\n","protected":false},"author":1,"featured_media":0,"parent":0,"menu_order":0,"comment_status":"closed","ping_status":"closed","template":"elementor_header_footer","meta":{"footnotes":""},"class_list":["post-1135","page","type-page","status-publish","hentry"],"_links":{"self":[{"href":"https:\/\/klinik34.com.tr\/en\/wp-json\/wp\/v2\/pages\/1135","targetHints":{"allow":["GET"]}}],"collection":[{"href":"https:\/\/klinik34.com.tr\/en\/wp-json\/wp\/v2\/pages"}],"about":[{"href":"https:\/\/klinik34.com.tr\/en\/wp-json\/wp\/v2\/types\/page"}],"author":[{"embeddable":true,"href":"https:\/\/klinik34.com.tr\/en\/wp-json\/wp\/v2\/users\/1"}],"replies":[{"embeddable":true,"href":"https:\/\/klinik34.com.tr\/en\/wp-json\/wp\/v2\/comments?post=1135"}],"version-history":[{"count":0,"href":"https:\/\/klinik34.com.tr\/en\/wp-json\/wp\/v2\/pages\/1135\/revisions"}],"wp:attachment":[{"href":"https:\/\/klinik34.com.tr\/en\/wp-json\/wp\/v2\/media?parent=1135"}],"curies":[{"name":"wp","href":"https:\/\/api.w.org\/{rel}","templated":true}]}}